{"id":1001985,"date":"2024-11-09T15:57:48","date_gmt":"2024-11-09T15:57:48","guid":{"rendered":"https:\/\/seckindis.com\/ekibimiz\/"},"modified":"2025-10-31T02:56:33","modified_gmt":"2025-10-31T02:56:33","slug":"ons-team","status":"publish","type":"page","link":"https:\/\/seckindis.com\/nl\/ons-team\/","title":{"rendered":"Ons team"},"content":{"rendered":"\t\t<div data-elementor-type=\"wp-page\" data-elementor-id=\"1001985\" class=\"elementor elementor-1001985 elementor-1295\" data-elementor-post-type=\"page\">\n\t\t\t\t\t\t<section class=\"elementor-section elementor-top-section elementor-element elementor-element-f3e7416 elementor-section-boxed elementor-section-height-default elementor-section-height-default\" data-id=\"f3e7416\" data-element_type=\"section\">\n\t\t\t\t\t\t<div class=\"elementor-container elementor-column-gap-default\">\n\t\t\t\t\t<div class=\"elementor-column elementor-col-100 elementor-top-column elementor-element elementor-element-aac80cf\" data-id=\"aac80cf\" data-element_type=\"column\">\n\t\t\t<div class=\"elementor-widget-wrap elementor-element-populated\">\n\t\t\t\t\t\t<div class=\"elementor-element elementor-element-b27fcfd animated-slow elementor-invisible elementor-widget elementor-widget-heading\" data-id=\"b27fcfd\" data-element_type=\"widget\" data-settings=\"{&quot;_animation&quot;:&quot;fadeIn&quot;,&quot;_animation_tablet&quot;:&quot;none&quot;}\" data-widget_type=\"heading.default\">\n\t\t\t\t<div class=\"elementor-widget-container\">\n\t\t\t<h1 class=\"elementor-heading-title elementor-size-default\">Leer ons beter kennen<\/h1>\t\t<\/div>\n\t\t\t\t<\/div>\n\t\t\t\t<div class=\"elementor-element elementor-element-51c7589 animated-slow elementor-invisible elementor-widget elementor-widget-heading\" data-id=\"51c7589\" data-element_type=\"widget\" data-settings=\"{&quot;_animation&quot;:&quot;fadeIn&quot;,&quot;_animation_tablet&quot;:&quot;none&quot;,&quot;_animation_delay&quot;:300}\" data-widget_type=\"heading.default\">\n\t\t\t\t<div class=\"elementor-widget-container\">\n\t\t\t<p class=\"elementor-heading-title elementor-size-default\">Deskundig en ervaren\nOnze tandartsen<\/p>\t\t<\/div>\n\t\t\t\t<\/div>\n\t\t\t\t<div class=\"elementor-element elementor-element-3e0e17b elementor-widget elementor-widget-spacer\" data-id=\"3e0e17b\" data-element_type=\"widget\" data-widget_type=\"spacer.default\">\n\t\t\t\t<div class=\"elementor-widget-container\">\n\t\t\t\t\t<div class=\"elementor-spacer\">\n\t\t\t<div class=\"elementor-spacer-inner\"><\/div>\n\t\t<\/div>\n\t\t\t\t<\/div>\n\t\t\t\t<\/div>\n\t\t\t\t\t<\/div>\n\t\t<\/div>\n\t\t\t\t\t<\/div>\n\t\t<\/section>\n\t\t\t\t<section class=\"elementor-section elementor-top-section elementor-element elementor-element-5338be63 elementor-section-boxed elementor-section-height-default elementor-section-height-default\" data-id=\"5338be63\" data-element_type=\"section\">\n\t\t\t\t\t\t<div class=\"elementor-container elementor-column-gap-no\">\n\t\t\t\t\t<div class=\"elementor-column elementor-col-100 elementor-top-column elementor-element elementor-element-55095b02\" data-id=\"55095b02\" data-element_type=\"column\">\n\t\t\t<div class=\"elementor-widget-wrap elementor-element-populated\">\n\t\t\t\t\t\t<div class=\"vamtam-has-theme-widget-styles elementor-element elementor-element-7bd5a48b elementor-grid-4 elementor-posts--align-center elementor-grid-tablet-2 elementor-grid-mobile-1 elementor-posts--thumbnail-top elementor-widget elementor-widget-posts\" data-id=\"7bd5a48b\" data-element_type=\"widget\" data-settings=\"{&quot;vamtam_classic_columns&quot;:&quot;4&quot;,&quot;vamtam_classic_row_gap&quot;:{&quot;unit&quot;:&quot;px&quot;,&quot;size&quot;:30,&quot;sizes&quot;:[]},&quot;vamtam_classic_columns_tablet&quot;:&quot;2&quot;,&quot;vamtam_classic_columns_mobile&quot;:&quot;1&quot;,&quot;vamtam_classic_row_gap_tablet&quot;:{&quot;unit&quot;:&quot;px&quot;,&quot;size&quot;:&quot;&quot;,&quot;sizes&quot;:[]},&quot;vamtam_classic_row_gap_mobile&quot;:{&quot;unit&quot;:&quot;px&quot;,&quot;size&quot;:&quot;&quot;,&quot;sizes&quot;:[]}}\" data-widget_type=\"posts.vamtam_classic\">\n\t\t\t\t<div class=\"elementor-widget-container\">\n\t\t\t\t\t<div class=\"elementor-posts-container elementor-posts elementor-posts--skin-vamtam_classic elementor-grid\">\n\t\t\t\t<article class=\"elementor-post elementor-grid-item post-1001959 page type-page status-publish has-post-thumbnail hentry\">\n\t\t\t\t<a class=\"elementor-post__thumbnail__link\" href=\"https:\/\/seckindis.com\/nl\/ons-team\/expert-dt-fatih-seckin\/\" tabindex=\"-1\" >\n\t\t\t<div class=\"elementor-post__thumbnail\"><img fetchpriority=\"high\" decoding=\"async\" width=\"682\" height=\"1024\" src=\"https:\/\/seckindis.com\/wp-content\/uploads\/2024\/11\/fatih-hoca-682x1024.jpg\" class=\"attachment-large size-large wp-image-1001292\" alt=\"\" srcset=\"https:\/\/seckindis.com\/wp-content\/uploads\/2024\/11\/fatih-hoca-682x1024.jpg 682w, https:\/\/seckindis.com\/wp-content\/uploads\/2024\/11\/fatih-hoca-200x300.jpg 200w, https:\/\/seckindis.com\/wp-content\/uploads\/2024\/11\/fatih-hoca-768x1153.jpg 768w, https:\/\/seckindis.com\/wp-content\/uploads\/2024\/11\/fatih-hoca-1023x1536.jpg 1023w, https:\/\/seckindis.com\/wp-content\/uploads\/2024\/11\/fatih-hoca-rotated.jpg 1066w\" sizes=\"(max-width: 682px) 100vw, 682px\" \/><\/div>\n\t\t<\/a>\n\t\t\t\t<div class=\"elementor-post__text\">\n\t\t\t\t<h3 class=\"elementor-post__title\">\n\t\t\t<a href=\"https:\/\/seckindis.com\/nl\/ons-team\/expert-dt-fatih-seckin\/\" >\n\t\t\t\tExpert DT. Fatih Se\u00e7kin\t\t\t<\/a>\n\t\t<\/h3>\n\t\t\t\t<div class=\"elementor-post__excerpt\">\n\t\t\t<p>Kanaalbehandeling Specialist Tandarts<\/p>\n\t\t<\/div>\n\t\t\t\t<\/div>\n\t\t\t\t<\/article>\n\t\t\t\t<article class=\"elementor-post elementor-grid-item post-1001957 page type-page status-publish has-post-thumbnail hentry\">\n\t\t\t\t<a class=\"elementor-post__thumbnail__link\" href=\"https:\/\/seckindis.com\/nl\/ons-team\/expert-dt-k-dilek-seckin\/\" tabindex=\"-1\" >\n\t\t\t<div class=\"elementor-post__thumbnail\"><img decoding=\"async\" width=\"683\" height=\"1024\" src=\"https:\/\/seckindis.com\/wp-content\/uploads\/2024\/11\/DT.UZM-K.-Dilek-Seckin-683x1024.jpg\" class=\"attachment-large size-large wp-image-1001325\" alt=\"\" srcset=\"https:\/\/seckindis.com\/wp-content\/uploads\/2024\/11\/DT.UZM-K.-Dilek-Seckin-683x1024.jpg 683w, https:\/\/seckindis.com\/wp-content\/uploads\/2024\/11\/DT.UZM-K.-Dilek-Seckin-200x300.jpg 200w, https:\/\/seckindis.com\/wp-content\/uploads\/2024\/11\/DT.UZM-K.-Dilek-Seckin-768x1152.jpg 768w, https:\/\/seckindis.com\/wp-content\/uploads\/2024\/11\/DT.UZM-K.-Dilek-Seckin-1024x1536.jpg 1024w, https:\/\/seckindis.com\/wp-content\/uploads\/2024\/11\/DT.UZM-K.-Dilek-Seckin-1365x2048.jpg 1365w, https:\/\/seckindis.com\/wp-content\/uploads\/2024\/11\/DT.UZM-K.-Dilek-Seckin-scaled.jpg 1707w\" sizes=\"(max-width: 683px) 100vw, 683px\" \/><\/div>\n\t\t<\/a>\n\t\t\t\t<div class=\"elementor-post__text\">\n\t\t\t\t<h3 class=\"elementor-post__title\">\n\t\t\t<a href=\"https:\/\/seckindis.com\/nl\/ons-team\/expert-dt-k-dilek-seckin\/\" >\n\t\t\t\tEXPERT DT K. Dilek Se\u00e7kin\t\t\t<\/a>\n\t\t<\/h3>\n\t\t\t\t<div class=\"elementor-post__excerpt\">\n\t\t\t<p>Tandarts-kaakchirurg<\/p>\n\t\t<\/div>\n\t\t\t\t<\/div>\n\t\t\t\t<\/article>\n\t\t\t\t<article class=\"elementor-post elementor-grid-item post-1001981 page type-page status-publish has-post-thumbnail hentry\">\n\t\t\t\t<a class=\"elementor-post__thumbnail__link\" href=\"https:\/\/seckindis.com\/nl\/ons-team\/dt-gulsen-gundogan\/\" tabindex=\"-1\" >\n\t\t\t<div class=\"elementor-post__thumbnail\"><img decoding=\"async\" width=\"683\" height=\"1024\" src=\"https:\/\/seckindis.com\/wp-content\/uploads\/2024\/11\/DT.-Gulsen-Gundogan-683x1024.jpg\" class=\"attachment-large size-large wp-image-1001330\" alt=\"\" srcset=\"https:\/\/seckindis.com\/wp-content\/uploads\/2024\/11\/DT.-Gulsen-Gundogan-683x1024.jpg 683w, https:\/\/seckindis.com\/wp-content\/uploads\/2024\/11\/DT.-Gulsen-Gundogan-200x300.jpg 200w, https:\/\/seckindis.com\/wp-content\/uploads\/2024\/11\/DT.-Gulsen-Gundogan-768x1152.jpg 768w, https:\/\/seckindis.com\/wp-content\/uploads\/2024\/11\/DT.-Gulsen-Gundogan-1024x1536.jpg 1024w, https:\/\/seckindis.com\/wp-content\/uploads\/2024\/11\/DT.-Gulsen-Gundogan-1365x2048.jpg 1365w, https:\/\/seckindis.com\/wp-content\/uploads\/2024\/11\/DT.-Gulsen-Gundogan-scaled.jpg 1707w\" sizes=\"(max-width: 683px) 100vw, 683px\" \/><\/div>\n\t\t<\/a>\n\t\t\t\t<div class=\"elementor-post__text\">\n\t\t\t\t<h3 class=\"elementor-post__title\">\n\t\t\t<a href=\"https:\/\/seckindis.com\/nl\/ons-team\/dt-gulsen-gundogan\/\" >\n\t\t\t\tDT. G\u00fclsen G\u00fcndo\u011fan\t\t\t<\/a>\n\t\t<\/h3>\n\t\t\t\t<div class=\"elementor-post__excerpt\">\n\t\t\t<p>Tandarts<\/p>\n\t\t<\/div>\n\t\t\t\t<\/div>\n\t\t\t\t<\/article>\n\t\t\t\t<article class=\"elementor-post elementor-grid-item post-1001977 page type-page status-publish has-post-thumbnail hentry\">\n\t\t\t\t<a class=\"elementor-post__thumbnail__link\" href=\"https:\/\/seckindis.com\/nl\/ons-team\/dt-umut-akduzen\/\" tabindex=\"-1\" >\n\t\t\t<div class=\"elementor-post__thumbnail\"><img loading=\"lazy\" decoding=\"async\" width=\"683\" height=\"1024\" src=\"https:\/\/seckindis.com\/wp-content\/uploads\/2024\/11\/image-2024-11-18T155321.105.jpg\" class=\"attachment-large size-large wp-image-1001440\" alt=\"\" srcset=\"https:\/\/seckindis.com\/wp-content\/uploads\/2024\/11\/image-2024-11-18T155321.105.jpg 683w, https:\/\/seckindis.com\/wp-content\/uploads\/2024\/11\/image-2024-11-18T155321.105-200x300.jpg 200w\" sizes=\"(max-width: 683px) 100vw, 683px\" \/><\/div>\n\t\t<\/a>\n\t\t\t\t<div class=\"elementor-post__text\">\n\t\t\t\t<h3 class=\"elementor-post__title\">\n\t\t\t<a href=\"https:\/\/seckindis.com\/nl\/ons-team\/dt-umut-akduzen\/\" >\n\t\t\t\tDT. Umut Akd\u00fczen\t\t\t<\/a>\n\t\t<\/h3>\n\t\t\t\t<div class=\"elementor-post__excerpt\">\n\t\t\t<p>Tandarts<\/p>\n\t\t<\/div>\n\t\t\t\t<\/div>\n\t\t\t\t<\/article>\n\t\t\t\t<article class=\"elementor-post elementor-grid-item post-1001965 page type-page status-publish has-post-thumbnail hentry\">\n\t\t\t\t<a class=\"elementor-post__thumbnail__link\" href=\"https:\/\/seckindis.com\/nl\/ons-team\/orthodontist-dr-dilara-kahraman\/\" tabindex=\"-1\" >\n\t\t\t<div class=\"elementor-post__thumbnail\"><img loading=\"lazy\" decoding=\"async\" width=\"682\" height=\"1024\" src=\"https:\/\/seckindis.com\/wp-content\/uploads\/2024\/11\/WhatsApp-Image-2024-11-13-at-19.23.15_4d44d3ec-682x1024.jpg\" class=\"attachment-large size-large wp-image-1001340\" alt=\"\" srcset=\"https:\/\/seckindis.com\/wp-content\/uploads\/2024\/11\/WhatsApp-Image-2024-11-13-at-19.23.15_4d44d3ec-682x1024.jpg 682w, https:\/\/seckindis.com\/wp-content\/uploads\/2024\/11\/WhatsApp-Image-2024-11-13-at-19.23.15_4d44d3ec-200x300.jpg 200w, https:\/\/seckindis.com\/wp-content\/uploads\/2024\/11\/WhatsApp-Image-2024-11-13-at-19.23.15_4d44d3ec.jpg 768w\" sizes=\"(max-width: 682px) 100vw, 682px\" \/><\/div>\n\t\t<\/a>\n\t\t\t\t<div class=\"elementor-post__text\">\n\t\t\t\t<h3 class=\"elementor-post__title\">\n\t\t\t<a href=\"https:\/\/seckindis.com\/nl\/ons-team\/orthodontist-dr-dilara-kahraman\/\" >\n\t\t\t\tOrthodontist Dr. Dilara Kahraman\t\t\t<\/a>\n\t\t<\/h3>\n\t\t\t\t<div class=\"elementor-post__excerpt\">\n\t\t\t<p>Tandarts<\/p>\n\t\t<\/div>\n\t\t\t\t<\/div>\n\t\t\t\t<\/article>\n\t\t\t\t<article class=\"elementor-post elementor-grid-item post-1001973 page type-page status-publish has-post-thumbnail hentry\">\n\t\t\t\t<a class=\"elementor-post__thumbnail__link\" href=\"https:\/\/seckindis.com\/nl\/ons-team\/emre-binici\/\" tabindex=\"-1\" >\n\t\t\t<div class=\"elementor-post__thumbnail\"><img loading=\"lazy\" decoding=\"async\" width=\"682\" height=\"1024\" src=\"https:\/\/seckindis.com\/wp-content\/uploads\/2024\/11\/Isletme-Md.-Emre-Binici-682x1024.jpg\" class=\"attachment-large size-large wp-image-1001345\" alt=\"\" srcset=\"https:\/\/seckindis.com\/wp-content\/uploads\/2024\/11\/Isletme-Md.-Emre-Binici-682x1024.jpg 682w, https:\/\/seckindis.com\/wp-content\/uploads\/2024\/11\/Isletme-Md.-Emre-Binici-200x300.jpg 200w, https:\/\/seckindis.com\/wp-content\/uploads\/2024\/11\/Isletme-Md.-Emre-Binici-768x1153.jpg 768w, https:\/\/seckindis.com\/wp-content\/uploads\/2024\/11\/Isletme-Md.-Emre-Binici-1023x1536.jpg 1023w, https:\/\/seckindis.com\/wp-content\/uploads\/2024\/11\/Isletme-Md.-Emre-Binici.jpg 1066w\" sizes=\"(max-width: 682px) 100vw, 682px\" \/><\/div>\n\t\t<\/a>\n\t\t\t\t<div class=\"elementor-post__text\">\n\t\t\t\t<h3 class=\"elementor-post__title\">\n\t\t\t<a href=\"https:\/\/seckindis.com\/nl\/ons-team\/emre-binici\/\" >\n\t\t\t\tEmre Binici\t\t\t<\/a>\n\t\t<\/h3>\n\t\t\t\t<div class=\"elementor-post__excerpt\">\n\t\t\t<p>Bedrijfsleider<\/p>\n\t\t<\/div>\n\t\t\t\t<\/div>\n\t\t\t\t<\/article>\n\t\t\t\t<article class=\"elementor-post elementor-grid-item post-1001955 page type-page status-publish has-post-thumbnail hentry\">\n\t\t\t\t<a class=\"elementor-post__thumbnail__link\" href=\"https:\/\/seckindis.com\/nl\/ons-team\/yaren-genchasanoglu\/\" tabindex=\"-1\" >\n\t\t\t<div class=\"elementor-post__thumbnail\"><img loading=\"lazy\" decoding=\"async\" width=\"683\" height=\"1024\" src=\"https:\/\/seckindis.com\/wp-content\/uploads\/2024\/11\/image-2024-11-18T155406.637.jpg\" class=\"attachment-large size-large wp-image-1001446\" alt=\"\" srcset=\"https:\/\/seckindis.com\/wp-content\/uploads\/2024\/11\/image-2024-11-18T155406.637.jpg 683w, https:\/\/seckindis.com\/wp-content\/uploads\/2024\/11\/image-2024-11-18T155406.637-200x300.jpg 200w\" sizes=\"(max-width: 683px) 100vw, 683px\" \/><\/div>\n\t\t<\/a>\n\t\t\t\t<div class=\"elementor-post__text\">\n\t\t\t\t<h3 class=\"elementor-post__title\">\n\t\t\t<a href=\"https:\/\/seckindis.com\/nl\/ons-team\/yaren-genchasanoglu\/\" >\n\t\t\t\tYaren Gen\u00e7hasano\u011flu\t\t\t<\/a>\n\t\t<\/h3>\n\t\t\t\t<div class=\"elementor-post__excerpt\">\n\t\t\t<p>Assistent<\/p>\n\t\t<\/div>\n\t\t\t\t<\/div>\n\t\t\t\t<\/article>\n\t\t\t\t<article class=\"elementor-post elementor-grid-item post-1001969 page type-page status-publish has-post-thumbnail hentry\">\n\t\t\t\t<a class=\"elementor-post__thumbnail__link\" href=\"https:\/\/seckindis.com\/nl\/ons-team\/kubra-atmaz\/\" tabindex=\"-1\" >\n\t\t\t<div class=\"elementor-post__thumbnail\"><img loading=\"lazy\" decoding=\"async\" width=\"683\" height=\"1024\" src=\"https:\/\/seckindis.com\/wp-content\/uploads\/2024\/11\/Ass.-Kubra-Atmaz-683x1024.jpg\" class=\"attachment-large size-large wp-image-1001350\" alt=\"\" srcset=\"https:\/\/seckindis.com\/wp-content\/uploads\/2024\/11\/Ass.-Kubra-Atmaz-683x1024.jpg 683w, https:\/\/seckindis.com\/wp-content\/uploads\/2024\/11\/Ass.-Kubra-Atmaz-200x300.jpg 200w, https:\/\/seckindis.com\/wp-content\/uploads\/2024\/11\/Ass.-Kubra-Atmaz-768x1152.jpg 768w, https:\/\/seckindis.com\/wp-content\/uploads\/2024\/11\/Ass.-Kubra-Atmaz-1024x1536.jpg 1024w, https:\/\/seckindis.com\/wp-content\/uploads\/2024\/11\/Ass.-Kubra-Atmaz-1365x2048.jpg 1365w, https:\/\/seckindis.com\/wp-content\/uploads\/2024\/11\/Ass.-Kubra-Atmaz-scaled.jpg 1707w\" sizes=\"(max-width: 683px) 100vw, 683px\" \/><\/div>\n\t\t<\/a>\n\t\t\t\t<div class=\"elementor-post__text\">\n\t\t\t\t<h3 class=\"elementor-post__title\">\n\t\t\t<a href=\"https:\/\/seckindis.com\/nl\/ons-team\/kubra-atmaz\/\" >\n\t\t\t\tK\u00fcbra Atmaz\t\t\t<\/a>\n\t\t<\/h3>\n\t\t\t\t<div class=\"elementor-post__excerpt\">\n\t\t\t<p>Assistent<\/p>\n\t\t<\/div>\n\t\t\t\t<\/div>\n\t\t\t\t<\/article>\n\t\t\t\t<article class=\"elementor-post elementor-grid-item post-1001979 page type-page status-publish has-post-thumbnail hentry\">\n\t\t\t\t<a class=\"elementor-post__thumbnail__link\" href=\"https:\/\/seckindis.com\/nl\/ons-team\/burcu-gezer\/\" tabindex=\"-1\" >\n\t\t\t<div class=\"elementor-post__thumbnail\"><img loading=\"lazy\" decoding=\"async\" width=\"683\" height=\"1024\" src=\"https:\/\/seckindis.com\/wp-content\/uploads\/2024\/11\/Ass.-Burcu-Gezer-683x1024.jpg\" class=\"attachment-large size-large wp-image-1001355\" alt=\"\" srcset=\"https:\/\/seckindis.com\/wp-content\/uploads\/2024\/11\/Ass.-Burcu-Gezer-683x1024.jpg 683w, https:\/\/seckindis.com\/wp-content\/uploads\/2024\/11\/Ass.-Burcu-Gezer-200x300.jpg 200w, https:\/\/seckindis.com\/wp-content\/uploads\/2024\/11\/Ass.-Burcu-Gezer-768x1152.jpg 768w, https:\/\/seckindis.com\/wp-content\/uploads\/2024\/11\/Ass.-Burcu-Gezer-1024x1536.jpg 1024w, https:\/\/seckindis.com\/wp-content\/uploads\/2024\/11\/Ass.-Burcu-Gezer-1365x2048.jpg 1365w, https:\/\/seckindis.com\/wp-content\/uploads\/2024\/11\/Ass.-Burcu-Gezer-scaled.jpg 1707w\" sizes=\"(max-width: 683px) 100vw, 683px\" \/><\/div>\n\t\t<\/a>\n\t\t\t\t<div class=\"elementor-post__text\">\n\t\t\t\t<h3 class=\"elementor-post__title\">\n\t\t\t<a href=\"https:\/\/seckindis.com\/nl\/ons-team\/burcu-gezer\/\" >\n\t\t\t\tBurcu Gezer\t\t\t<\/a>\n\t\t<\/h3>\n\t\t\t\t<div class=\"elementor-post__excerpt\">\n\t\t\t<p>Assistent<\/p>\n\t\t<\/div>\n\t\t\t\t<\/div>\n\t\t\t\t<\/article>\n\t\t\t\t<article class=\"elementor-post elementor-grid-item post-1001967 page type-page status-publish has-post-thumbnail hentry\">\n\t\t\t\t<a class=\"elementor-post__thumbnail__link\" href=\"https:\/\/seckindis.com\/nl\/ons-team\/kubra-bas\/\" tabindex=\"-1\" >\n\t\t\t<div class=\"elementor-post__thumbnail\"><img loading=\"lazy\" decoding=\"async\" width=\"683\" height=\"1024\" src=\"https:\/\/seckindis.com\/wp-content\/uploads\/2024\/11\/image-2024-11-18T155406.637-1.jpg\" class=\"attachment-large size-large wp-image-1001461\" alt=\"\" srcset=\"https:\/\/seckindis.com\/wp-content\/uploads\/2024\/11\/image-2024-11-18T155406.637-1.jpg 683w, https:\/\/seckindis.com\/wp-content\/uploads\/2024\/11\/image-2024-11-18T155406.637-1-200x300.jpg 200w\" sizes=\"(max-width: 683px) 100vw, 683px\" \/><\/div>\n\t\t<\/a>\n\t\t\t\t<div class=\"elementor-post__text\">\n\t\t\t\t<h3 class=\"elementor-post__title\">\n\t\t\t<a href=\"https:\/\/seckindis.com\/nl\/ons-team\/kubra-bas\/\" >\n\t\t\t\tK\u00fcbra Ba\u015f\t\t\t<\/a>\n\t\t<\/h3>\n\t\t\t\t<div class=\"elementor-post__excerpt\">\n\t\t\t<p>Assistent<\/p>\n\t\t<\/div>\n\t\t\t\t<\/div>\n\t\t\t\t<\/article>\n\t\t\t\t<article class=\"elementor-post elementor-grid-item post-1001963 page type-page status-publish has-post-thumbnail hentry\">\n\t\t\t\t<a class=\"elementor-post__thumbnail__link\" href=\"https:\/\/seckindis.com\/nl\/ons-team\/sevval-naz-goc\/\" tabindex=\"-1\" >\n\t\t\t<div class=\"elementor-post__thumbnail\"><img loading=\"lazy\" decoding=\"async\" width=\"683\" height=\"1024\" src=\"https:\/\/seckindis.com\/wp-content\/uploads\/2024\/11\/Ass.-Sevval-Naz-Goc-683x1024.jpg\" class=\"attachment-large size-large wp-image-1001365\" alt=\"\" srcset=\"https:\/\/seckindis.com\/wp-content\/uploads\/2024\/11\/Ass.-Sevval-Naz-Goc-683x1024.jpg 683w, https:\/\/seckindis.com\/wp-content\/uploads\/2024\/11\/Ass.-Sevval-Naz-Goc-200x300.jpg 200w, https:\/\/seckindis.com\/wp-content\/uploads\/2024\/11\/Ass.-Sevval-Naz-Goc-768x1152.jpg 768w, https:\/\/seckindis.com\/wp-content\/uploads\/2024\/11\/Ass.-Sevval-Naz-Goc-1024x1536.jpg 1024w, https:\/\/seckindis.com\/wp-content\/uploads\/2024\/11\/Ass.-Sevval-Naz-Goc-1365x2048.jpg 1365w, https:\/\/seckindis.com\/wp-content\/uploads\/2024\/11\/Ass.-Sevval-Naz-Goc-scaled.jpg 1707w\" sizes=\"(max-width: 683px) 100vw, 683px\" \/><\/div>\n\t\t<\/a>\n\t\t\t\t<div class=\"elementor-post__text\">\n\t\t\t\t<h3 class=\"elementor-post__title\">\n\t\t\t<a href=\"https:\/\/seckindis.com\/nl\/ons-team\/sevval-naz-goc\/\" >\n\t\t\t\t\u015eevval Naz G\u00f6\u00e7\t\t\t<\/a>\n\t\t<\/h3>\n\t\t\t\t<div class=\"elementor-post__excerpt\">\n\t\t\t<p>Assistent<\/p>\n\t\t<\/div>\n\t\t\t\t<\/div>\n\t\t\t\t<\/article>\n\t\t\t\t<\/div>\n\t\t\n\t\t\t\t<\/div>\n\t\t\t\t<\/div>\n\t\t\t\t\t<\/div>\n\t\t<\/div>\n\t\t\t\t\t<\/div>\n\t\t<\/section>\n\t\t\t\t<section class=\"elementor-section elementor-top-section elementor-element elementor-element-eadbc42 elementor-reverse-mobile elementor-section-boxed elementor-section-height-default elementor-section-height-default\" data-id=\"eadbc42\" data-element_type=\"section\">\n\t\t\t\t\t\t<div class=\"elementor-container elementor-column-gap-no\">\n\t\t\t\t\t<div class=\"elementor-column elementor-col-50 elementor-top-column elementor-element elementor-element-cc274b4\" data-id=\"cc274b4\" data-element_type=\"column\">\n\t\t\t<div class=\"elementor-widget-wrap elementor-element-populated\">\n\t\t\t\t\t\t<div class=\"elementor-element elementor-element-43875cc elementor-widget elementor-widget-heading\" data-id=\"43875cc\" data-element_type=\"widget\" data-widget_type=\"heading.default\">\n\t\t\t\t<div class=\"elementor-widget-container\">\n\t\t\t<h2 class=\"elementor-heading-title elementor-size-default\">Onderscheiden tandheelkundige kliniek<\/h2>\t\t<\/div>\n\t\t\t\t<\/div>\n\t\t\t\t<div class=\"elementor-element elementor-element-fd4910e elementor-widget__width-initial elementor-widget elementor-widget-text-editor\" data-id=\"fd4910e\" data-element_type=\"widget\" data-widget_type=\"text-editor.default\">\n\t\t\t\t<div class=\"elementor-widget-container\">\n\t\t\t\t\t\t\t<p>Ervaren professionals: Vertrouw uw tandverzorging toe aan een team van getalenteerde en ervaren professionals die zich inzetten om u de beste service te bieden.<\/p><p>Samenwerkingsgerichte aanpak: Ervaar een samenwerkingsgerichte en harmonieuze teamdynamiek die ervoor zorgt dat elk aspect van uw zorg met zorgvuldigheid en deskundigheid wordt behandeld.<\/p>\t\t\t\t\t\t<\/div>\n\t\t\t\t<\/div>\n\t\t\t\t<div class=\"vamtam-has-theme-widget-styles elementor-element elementor-element-c6ae6cf elementor-widget elementor-widget-button\" data-id=\"c6ae6cf\" data-element_type=\"widget\" data-widget_type=\"button.default\">\n\t\t\t\t<div class=\"elementor-widget-container\">\n\t\t\t\t\t\t\t<div class=\"elementor-button-wrapper\">\n\t\t\t\t\t<a class=\"elementor-button elementor-button-link elementor-size-sm\" href=\"https:\/\/seckindis.com\/nl\/over-ons\/\">\n\t\t\t\t\t\t<span class=\"elementor-button-content-wrapper\">\n\t\t\t\t\t\t\t\t\t<span class=\"elementor-button-text\">Over ons<\/span>\n\t\t\t\t\t<\/span>\n\t\t\t\t\t<\/a>\n\t\t\t\t<\/div>\n\t\t\t\t\t\t<\/div>\n\t\t\t\t<\/div>\n\t\t\t\t\t<\/div>\n\t\t<\/div>\n\t\t\t\t<div class=\"elementor-column elementor-col-50 elementor-top-column elementor-element elementor-element-6e16e6a\" data-id=\"6e16e6a\" data-element_type=\"column\" data-settings=\"{&quot;background_background&quot;:&quot;classic&quot;}\">\n\t\t\t<div class=\"elementor-widget-wrap elementor-element-populated\">\n\t\t\t\t\t\t<div class=\"elementor-element elementor-element-28e0bd0 elementor-widget elementor-widget-spacer\" data-id=\"28e0bd0\" data-element_type=\"widget\" data-widget_type=\"spacer.default\">\n\t\t\t\t<div class=\"elementor-widget-container\">\n\t\t\t\t\t<div class=\"elementor-spacer\">\n\t\t\t<div class=\"elementor-spacer-inner\"><\/div>\n\t\t<\/div>\n\t\t\t\t<\/div>\n\t\t\t\t<\/div>\n\t\t\t\t\t<\/div>\n\t\t<\/div>\n\t\t\t\t\t<\/div>\n\t\t<\/section>\n\t\t\t\t<\/div>\n\t\t","protected":false},"excerpt":{"rendered":"<p>Leer ons beter kennen Deskundig en ervaren Onze tandartsen Onderscheiden tandheelkundige kliniek Ervaren professionals: Vertrouw uw tandverzorging toe aan een team van getalenteerde en ervaren professionals die zich inzetten om u de beste service te bieden. Samenwerkingsgerichte aanpak: Ervaar een samenwerkingsgerichte en harmonieuze teamdynamiek die ervoor zorgt dat elk aspect van uw zorg met zorgvuldigheid&#8230;<\/p>\n","protected":false},"author":1,"featured_media":0,"parent":0,"menu_order":0,"comment_status":"closed","ping_status":"closed","template":"","meta":{"footnotes":""},"class_list":["post-1001985","page","type-page","status-publish","hentry"],"_links":{"self":[{"href":"https:\/\/seckindis.com\/nl\/wp-json\/wp\/v2\/pages\/1001985","targetHints":{"allow":["GET"]}}],"collection":[{"href":"https:\/\/seckindis.com\/nl\/wp-json\/wp\/v2\/pages"}],"about":[{"href":"https:\/\/seckindis.com\/nl\/wp-json\/wp\/v2\/types\/page"}],"author":[{"embeddable":true,"href":"https:\/\/seckindis.com\/nl\/wp-json\/wp\/v2\/users\/1"}],"replies":[{"embeddable":true,"href":"https:\/\/seckindis.com\/nl\/wp-json\/wp\/v2\/comments?post=1001985"}],"version-history":[{"count":3,"href":"https:\/\/seckindis.com\/nl\/wp-json\/wp\/v2\/pages\/1001985\/revisions"}],"predecessor-version":[{"id":1002001,"href":"https:\/\/seckindis.com\/nl\/wp-json\/wp\/v2\/pages\/1001985\/revisions\/1002001"}],"wp:attachment":[{"href":"https:\/\/seckindis.com\/nl\/wp-json\/wp\/v2\/media?parent=1001985"}],"curies":[{"name":"wp","href":"https:\/\/api.w.org\/{rel}","templated":true}]}}