{"id":1001963,"date":"2024-11-15T11:55:25","date_gmt":"2024-11-15T11:55:25","guid":{"rendered":"https:\/\/seckindis.com\/sevval-naz-goc\/"},"modified":"2025-10-31T02:47:27","modified_gmt":"2025-10-31T02:47:27","slug":"sevval-naz-goc","status":"publish","type":"page","link":"https:\/\/seckindis.com\/nl\/ons-team\/sevval-naz-goc\/","title":{"rendered":"\u015eevval Naz G\u00f6\u00e7"},"content":{"rendered":"\t\t<div data-elementor-type=\"wp-page\" data-elementor-id=\"1001963\" class=\"elementor elementor-1001963 elementor-992310\" data-elementor-post-type=\"page\">\n\t\t\t\t\t\t<section class=\"elementor-section elementor-top-section elementor-element elementor-element-66501ac3 elementor-section-full_width elementor-section-height-default elementor-section-height-default\" data-id=\"66501ac3\" data-element_type=\"section\">\n\t\t\t\t\t\t<div class=\"elementor-container elementor-column-gap-no\">\n\t\t\t\t\t<div class=\"elementor-column elementor-col-100 elementor-top-column elementor-element elementor-element-25ebd05\" data-id=\"25ebd05\" data-element_type=\"column\">\n\t\t\t<div class=\"elementor-widget-wrap elementor-element-populated\">\n\t\t\t\t\t\t<div class=\"elementor-element elementor-element-4c040fa8 elementor-widget elementor-widget-text-editor\" data-id=\"4c040fa8\" data-element_type=\"widget\" data-widget_type=\"text-editor.default\">\n\t\t\t\t<div class=\"elementor-widget-container\">\n\t\t\t\t\t\t\t<p>Wordt voorbereid<\/p>\t\t\t\t\t\t<\/div>\n\t\t\t\t<\/div>\n\t\t\t\t<div class=\"elementor-element elementor-element-59358791 elementor-shape-circle elementor-grid-2 e-grid-align-left e-grid-align-mobile-left elementor-widget__width-auto elementor-widget elementor-widget-social-icons\" data-id=\"59358791\" data-element_type=\"widget\" data-widget_type=\"social-icons.default\">\n\t\t\t\t<div class=\"elementor-widget-container\">\n\t\t\t\t\t<div class=\"elementor-social-icons-wrapper elementor-grid\">\n\t\t\t\t\t\t\t<span class=\"elementor-grid-item\">\n\t\t\t\t\t<a class=\"elementor-icon elementor-social-icon elementor-social-icon-linkedin elementor-repeater-item-c7c5b59\" href=\"http:\/\/linkedin.com\" target=\"_blank\" rel=\"noopener\">\n\t\t\t\t\t\t<span class=\"elementor-screen-only\">Linkedin<\/span>\n\t\t\t\t\t\t<i class=\"fab fa-linkedin\"><\/i>\t\t\t\t\t<\/a>\n\t\t\t\t<\/span>\n\t\t\t\t\t\t\t<span class=\"elementor-grid-item\">\n\t\t\t\t\t<a class=\"elementor-icon elementor-social-icon elementor-social-icon-twitter elementor-repeater-item-7b267b3\" target=\"_blank\">\n\t\t\t\t\t\t<span class=\"elementor-screen-only\">Twitter<\/span>\n\t\t\t\t\t\t<i class=\"fab fa-twitter\"><\/i>\t\t\t\t\t<\/a>\n\t\t\t\t<\/span>\n\t\t\t\t\t<\/div>\n\t\t\t\t<\/div>\n\t\t\t\t<\/div>\n\t\t\t\t<div class=\"vamtam-has-theme-widget-styles elementor-element elementor-element-735ae8cc vamtam-has-underline-anim elementor-widget__width-auto elementor-widget elementor-widget-button\" data-id=\"735ae8cc\" data-element_type=\"widget\" data-widget_type=\"button.default\">\n\t\t\t\t<div class=\"elementor-widget-container\">\n\t\t\t\t\t\t\t<div class=\"elementor-button-wrapper\">\n\t\t\t\t\t<a class=\"elementor-button elementor-button-link elementor-size-sm\" href=\"https:\/\/seckindis.com\/nl\/ons-team\/\">\n\t\t\t\t\t\t<span class=\"elementor-button-content-wrapper\">\n\t\t\t\t\t\t\t\t\t<span class=\"elementor-button-text\">Back to Team Members<\/span>\n\t\t\t\t\t<\/span>\n\t\t\t\t\t<\/a>\n\t\t\t\t<\/div>\n\t\t\t\t\t\t<\/div>\n\t\t\t\t<\/div>\n\t\t\t\t\t<\/div>\n\t\t<\/div>\n\t\t\t\t\t<\/div>\n\t\t<\/section>\n\t\t\t\t<\/div>\n\t\t","protected":false},"excerpt":{"rendered":"<p>Assistent<\/p>\n","protected":false},"author":1,"featured_media":1001365,"parent":1001985,"menu_order":1,"comment_status":"closed","ping_status":"closed","template":"","meta":{"footnotes":""},"class_list":["post-1001963","page","type-page","status-publish","has-post-thumbnail","hentry"],"_links":{"self":[{"href":"https:\/\/seckindis.com\/nl\/wp-json\/wp\/v2\/pages\/1001963","targetHints":{"allow":["GET"]}}],"collection":[{"href":"https:\/\/seckindis.com\/nl\/wp-json\/wp\/v2\/pages"}],"about":[{"href":"https:\/\/seckindis.com\/nl\/wp-json\/wp\/v2\/types\/page"}],"author":[{"embeddable":true,"href":"https:\/\/seckindis.com\/nl\/wp-json\/wp\/v2\/users\/1"}],"replies":[{"embeddable":true,"href":"https:\/\/seckindis.com\/nl\/wp-json\/wp\/v2\/comments?post=1001963"}],"version-history":[{"count":1,"href":"https:\/\/seckindis.com\/nl\/wp-json\/wp\/v2\/pages\/1001963\/revisions"}],"predecessor-version":[{"id":1001964,"href":"https:\/\/seckindis.com\/nl\/wp-json\/wp\/v2\/pages\/1001963\/revisions\/1001964"}],"up":[{"embeddable":true,"href":"https:\/\/seckindis.com\/nl\/wp-json\/wp\/v2\/pages\/1001985"}],"wp:featuredmedia":[{"embeddable":true,"href":"https:\/\/seckindis.com\/nl\/wp-json\/wp\/v2\/media\/1001365"}],"wp:attachment":[{"href":"https:\/\/seckindis.com\/nl\/wp-json\/wp\/v2\/media?parent=1001963"}],"curies":[{"name":"wp","href":"https:\/\/api.w.org\/{rel}","templated":true}]}}