{"id":1001943,"date":"2024-11-11T11:54:20","date_gmt":"2024-11-11T11:54:20","guid":{"rendered":"https:\/\/seckindis.com\/digitale-glimlach\/"},"modified":"2025-10-31T02:27:45","modified_gmt":"2025-10-31T02:27:45","slug":"digitale-glimlach","status":"publish","type":"page","link":"https:\/\/seckindis.com\/nl\/onze-behandelingen\/digitale-glimlach\/","title":{"rendered":"Digitale glimlach"},"content":{"rendered":"\t\t<div data-elementor-type=\"wp-page\" data-elementor-id=\"1001943\" class=\"elementor elementor-1001943 elementor-992164\" data-elementor-post-type=\"page\">\n\t\t\t\t\t\t<section class=\"elementor-section elementor-top-section elementor-element elementor-element-43fb513e elementor-section-content-middle elementor-reverse-mobile elementor-section-boxed elementor-section-height-default elementor-section-height-default\" data-id=\"43fb513e\" data-element_type=\"section\">\n\t\t\t\t\t\t<div class=\"elementor-container elementor-column-gap-no\">\n\t\t\t\t\t<div class=\"elementor-column elementor-col-50 elementor-top-column elementor-element elementor-element-5da7cbb8\" data-id=\"5da7cbb8\" data-element_type=\"column\">\n\t\t\t<div class=\"elementor-widget-wrap elementor-element-populated\">\n\t\t\t\t\t\t<div class=\"elementor-element elementor-element-51747d61 elementor-widget elementor-widget-heading\" data-id=\"51747d61\" data-element_type=\"widget\" data-widget_type=\"heading.default\">\n\t\t\t\t<div class=\"elementor-widget-container\">\n\t\t\t<h2 class=\"elementor-heading-title elementor-size-default\">Digitale glimlach<\/h2>\t\t<\/div>\n\t\t\t\t<\/div>\n\t\t\t\t<div class=\"elementor-element elementor-element-67a0a53f elementor-widget__width-initial elementor-widget elementor-widget-text-editor\" data-id=\"67a0a53f\" data-element_type=\"widget\" data-widget_type=\"text-editor.default\">\n\t\t\t\t<div class=\"elementor-widget-container\">\n\t\t\t\t\t\t\t<p> <\/p><p> <\/p><p>Digitaal glimlachontwerp (digital smile design) is een esthetische tandheelkundige toepassing waarbij digitale technologie\u00ebn worden gebruikt om de meest geschikte glimlach te ontwerpen op basis van de gezichtsvorm, tandstructuur en esthetische verwachtingen van de pati\u00ebnt. Met deze methode kan v\u00f3\u00f3r de behandeling aan de pati\u00ebnt worden getoond hoe zijn of haar glimlach eruit zal zien en kunnen de nodige behandelingsstappen op maat worden gepland. <\/p><p><strong>Hoe wordt een digitale glimlach ontworpen?<\/strong><\/p><ol><li>Analyse en gegevensverzameling: Er worden foto&#8217;s van het gezicht van de pati\u00ebnt, r\u00f6ntgenfoto&#8217;s van het gebit, scans van de mondholte en video-opnames gemaakt. Details zoals de vorm, kleur en positie van de tanden, de gezichtsstructuur en de glimlachlijn worden digitaal geanalyseerd. <\/li><li>Digitaal ontwerp: Met behulp van computerprogramma&#8217;s worden de meest geschikte tandvorm, -grootte en -positie voor het gezicht van de persoon bepaald. Het ontwerp wordt zo gemaakt dat het in overeenstemming is met de gezichtsesthetiek en het gebit van de pati\u00ebnt. <\/li><li>Voorafgaande weergave (mock-up): Het digitale ontwerp wordt getest met tijdelijke tandvormen in de mond, zodat de pati\u00ebnt voorafgaand aan de behandeling kan zien hoe zijn of haar glimlach eruit zal zien.<\/li><li>Behandelingsplan en uitvoering: Nadat het ontwerp is goedgekeurd, worden de nodige behandelingen, zoals tanden bleken, facings, implantaten of orthodontische behandelingen, stap voor stap uitgevoerd.<\/li><\/ol><p><strong>Voordelen van digitaal glimlachontwerp<\/strong><\/p><ul><li>Vooraf bekijken: Na de behandeling kunt u vooraf zien hoe uw glimlach eruit zal zien, wat vertrouwen geeft tijdens het behandelingsproces.<\/li><li>Persoonlijk ontwerp: Er wordt een glimlach ontworpen die past bij de gezichtsstructuur, huidskleur en esthetische verwachtingen.<\/li><li>Tijdwinst: Dankzij digitale planning verloopt het behandelingsproces sneller en effectiever.<\/li><li>Een natuurlijker en esthetischer uiterlijk: De details worden zorgvuldig ontworpen om de tanden van de pati\u00ebnt een natuurlijk uiterlijk te geven.<\/li><\/ul><p><strong>Voor wie is digitaal glimlachontwerp geschikt?<\/strong><\/p><p>Iedereen die een esthetische glimlach wil, kan van deze behandeling profiteren. Mensen die de stand, kleur, vorm of grootte van hun tanden willen veranderen, mensen met ontbrekende of versleten tanden zijn geschikte kandidaten voor digitaal glimlachontwerp. <\/p><p>Digitaal glimlachontwerp is een perfecte oplossing om aan esthetische verwachtingen te voldoen door tandheelkunde en technologie te combineren, en valt op door zijn zelfvertrouwenverhogende effect.<\/p>\t\t\t\t\t\t<\/div>\n\t\t\t\t<\/div>\n\t\t\t\t\t<\/div>\n\t\t<\/div>\n\t\t\t\t<div class=\"elementor-column elementor-col-50 elementor-top-column elementor-element elementor-element-125bb9bc\" data-id=\"125bb9bc\" data-element_type=\"column\" data-settings=\"{&quot;background_background&quot;:&quot;classic&quot;}\">\n\t\t\t<div class=\"elementor-widget-wrap elementor-element-populated\">\n\t\t\t\t\t\t<div class=\"elementor-element elementor-element-94d5cb2 elementor-absolute elementor-widget elementor-widget-image\" data-id=\"94d5cb2\" data-element_type=\"widget\" data-settings=\"{&quot;_position&quot;:&quot;absolute&quot;}\" data-widget_type=\"image.default\">\n\t\t\t\t<div class=\"elementor-widget-container\">\n\t\t\t\t\t\t\t\t\t\t\t\t\t<img fetchpriority=\"high\" decoding=\"async\" width=\"576\" height=\"1024\" src=\"https:\/\/seckindis.com\/wp-content\/uploads\/2024\/11\/seckin-dis-576x1024.jpg\" class=\"attachment-large size-large wp-image-1001320\" alt=\"\" srcset=\"https:\/\/seckindis.com\/wp-content\/uploads\/2024\/11\/seckin-dis-576x1024.jpg 576w, https:\/\/seckindis.com\/wp-content\/uploads\/2024\/11\/seckin-dis-169x300.jpg 169w, https:\/\/seckindis.com\/wp-content\/uploads\/2024\/11\/seckin-dis-768x1365.jpg 768w, https:\/\/seckindis.com\/wp-content\/uploads\/2024\/11\/seckin-dis-864x1536.jpg 864w, https:\/\/seckindis.com\/wp-content\/uploads\/2024\/11\/seckin-dis.jpg 1080w\" sizes=\"(max-width: 576px) 100vw, 576px\" \/>\t\t\t\t\t\t\t\t\t\t\t\t\t<\/div>\n\t\t\t\t<\/div>\n\t\t\t\t\t<\/div>\n\t\t<\/div>\n\t\t\t\t\t<\/div>\n\t\t<\/section>\n\t\t\t\t<section class=\"elementor-section elementor-top-section elementor-element elementor-element-2cd8d84f elementor-section-boxed elementor-section-height-default elementor-section-height-default\" data-id=\"2cd8d84f\" data-element_type=\"section\">\n\t\t\t\t\t\t<div class=\"elementor-container elementor-column-gap-default\">\n\t\t\t\t\t<div class=\"elementor-column elementor-col-50 elementor-top-column elementor-element elementor-element-427dd474\" data-id=\"427dd474\" data-element_type=\"column\">\n\t\t\t<div class=\"elementor-widget-wrap elementor-element-populated\">\n\t\t\t\t\t\t<section class=\"elementor-section elementor-inner-section elementor-element elementor-element-4c269856 elementor-section-height-full elementor-section-content-middle elementor-section-boxed elementor-section-height-default\" data-id=\"4c269856\" data-element_type=\"section\" data-settings=\"{&quot;sticky&quot;:&quot;top&quot;,&quot;sticky_on&quot;:[&quot;desktop&quot;,&quot;tablet&quot;],&quot;sticky_parent&quot;:&quot;yes&quot;,&quot;sticky_offset&quot;:0,&quot;sticky_effects_offset&quot;:0,&quot;sticky_anchor_link_offset&quot;:0}\">\n\t\t\t\t\t\t<div class=\"elementor-container elementor-column-gap-no\">\n\t\t\t\t\t<div class=\"elementor-column elementor-col-100 elementor-inner-column elementor-element elementor-element-2ce7de3c\" data-id=\"2ce7de3c\" data-element_type=\"column\">\n\t\t\t<div class=\"elementor-widget-wrap elementor-element-populated\">\n\t\t\t\t\t\t<div class=\"elementor-element elementor-element-68ae8e8d elementor-widget elementor-widget-image\" data-id=\"68ae8e8d\" data-element_type=\"widget\" data-settings=\"{&quot;motion_fx_motion_fx_scrolling&quot;:&quot;yes&quot;,&quot;motion_fx_translateY_effect&quot;:&quot;yes&quot;,&quot;motion_fx_translateY_speed&quot;:{&quot;unit&quot;:&quot;px&quot;,&quot;size&quot;:2,&quot;sizes&quot;:[]},&quot;motion_fx_devices&quot;:[&quot;desktop&quot;,&quot;tablet&quot;],&quot;motion_fx_translateY_affectedRange&quot;:{&quot;unit&quot;:&quot;%&quot;,&quot;size&quot;:&quot;&quot;,&quot;sizes&quot;:{&quot;start&quot;:0,&quot;end&quot;:100}}}\" data-widget_type=\"image.default\">\n\t\t\t\t<div class=\"elementor-widget-container\">\n\t\t\t\t\t\t\t\t\t\t\t\t\t<img decoding=\"async\" width=\"294\" height=\"291\" src=\"https:\/\/seckindis.com\/wp-content\/uploads\/2023\/03\/Shape-dots-arrow-right.svg\" class=\"attachment-full size-full wp-image-992464\" alt=\"\" \/>\t\t\t\t\t\t\t\t\t\t\t\t\t<\/div>\n\t\t\t\t<\/div>\n\t\t\t\t<div class=\"elementor-element elementor-element-30fd62e8 elementor-widget__width-initial elementor-widget elementor-widget-heading\" data-id=\"30fd62e8\" data-element_type=\"widget\" data-widget_type=\"heading.default\">\n\t\t\t\t<div class=\"elementor-widget-container\">\n\t\t\t<h2 class=\"elementor-heading-title elementor-size-default\">Innovatie in tandheelkunde, vertrouwen voor generaties<\/h2>\t\t<\/div>\n\t\t\t\t<\/div>\n\t\t\t\t<div class=\"elementor-element elementor-element-6133196 elementor-widget elementor-widget-spacer\" data-id=\"6133196\" data-element_type=\"widget\" data-widget_type=\"spacer.default\">\n\t\t\t\t<div class=\"elementor-widget-container\">\n\t\t\t\t\t<div class=\"elementor-spacer\">\n\t\t\t<div class=\"elementor-spacer-inner\"><\/div>\n\t\t<\/div>\n\t\t\t\t<\/div>\n\t\t\t\t<\/div>\n\t\t\t\t<div class=\"elementor-element elementor-element-22bfd369 elementor-widget elementor-widget-text-editor\" data-id=\"22bfd369\" data-element_type=\"widget\" data-widget_type=\"text-editor.default\">\n\t\t\t\t<div class=\"elementor-widget-container\">\n\t\t\t\t\t\t\t<p>Onze kliniek is volledig digitaal ge\u00efntegreerd, wat effici\u00ebntie en precisie garandeert door processen te stroomlijnen, van diagnose tot behandelplanning en uitvoering. Kunstmatige intelligentie speelt een belangrijke rol bij het verbeteren van diagnostische procedures en behandelplanning en draagt bij aan gepersonaliseerde en technologiegedreven tandheelkundige oplossingen. <\/p>\t\t\t\t\t\t<\/div>\n\t\t\t\t<\/div>\n\t\t\t\t\t<\/div>\n\t\t<\/div>\n\t\t\t\t\t<\/div>\n\t\t<\/section>\n\t\t\t\t\t<\/div>\n\t\t<\/div>\n\t\t\t\t<div class=\"elementor-column elementor-col-50 elementor-top-column elementor-element elementor-element-153fbf2e\" data-id=\"153fbf2e\" data-element_type=\"column\">\n\t\t\t<div class=\"elementor-widget-wrap elementor-element-populated\">\n\t\t\t\t\t\t<div class=\"vamtam-has-theme-widget-styles elementor-element elementor-element-2009c873 elementor-position-left elementor-view-default elementor-mobile-position-top elementor-vertical-align-top elementor-invisible elementor-widget elementor-widget-icon-box\" data-id=\"2009c873\" data-element_type=\"widget\" data-settings=\"{&quot;_animation&quot;:&quot;fadeIn&quot;,&quot;_animation_delay&quot;:200}\" data-widget_type=\"icon-box.default\">\n\t\t\t\t<div class=\"elementor-widget-container\">\n\t\t\t\t\t<div class=\"elementor-icon-box-wrapper\">\n\n\t\t\t\t\t\t<div class=\"elementor-icon-box-icon\">\n\t\t\t\t<span  class=\"elementor-icon elementor-animation-\">\n\t\t\t\t<i aria-hidden=\"true\" class=\"fas fa-dot-circle\"><\/i>\t\t\t\t<\/span>\n\t\t\t<\/div>\n\t\t\t\n\t\t\t\t\t\t<div class=\"elementor-icon-box-content\">\n\n\t\t\t\t\t\t\t\t\t<h3 class=\"elementor-icon-box-title\">\n\t\t\t\t\t\t<span  >\n\t\t\t\t\t\t\tDeskundig team\t\t\t\t\t\t<\/span>\n\t\t\t\t\t<\/h3>\n\t\t\t\t\n\t\t\t\t\t\t\t\t\t<p class=\"elementor-icon-box-description\">\n\t\t\t\t\t\tOnze ervaren en vakkundige tandartsen, mondhygi\u00ebnisten en ondersteunend personeel zijn toegewijd aan het leveren van eersteklas zorg.\t\t\t\t\t<\/p>\n\t\t\t\t\n\t\t\t<\/div>\n\t\t\t\n\t\t<\/div>\n\t\t\t\t<\/div>\n\t\t\t\t<\/div>\n\t\t\t\t<div class=\"vamtam-has-theme-widget-styles elementor-element elementor-element-52039db6 elementor-position-left elementor-view-default elementor-mobile-position-top elementor-vertical-align-top elementor-invisible elementor-widget elementor-widget-icon-box\" data-id=\"52039db6\" data-element_type=\"widget\" data-settings=\"{&quot;_animation&quot;:&quot;fadeIn&quot;,&quot;_animation_delay&quot;:200}\" data-widget_type=\"icon-box.default\">\n\t\t\t\t<div class=\"elementor-widget-container\">\n\t\t\t\t\t<div class=\"elementor-icon-box-wrapper\">\n\n\t\t\t\t\t\t<div class=\"elementor-icon-box-icon\">\n\t\t\t\t<span  class=\"elementor-icon elementor-animation-\">\n\t\t\t\t<i aria-hidden=\"true\" class=\"fas fa-dot-circle\"><\/i>\t\t\t\t<\/span>\n\t\t\t<\/div>\n\t\t\t\n\t\t\t\t\t\t<div class=\"elementor-icon-box-content\">\n\n\t\t\t\t\t\t\t\t\t<h3 class=\"elementor-icon-box-title\">\n\t\t\t\t\t\t<span  >\n\t\t\t\t\t\t\tNieuwste technologie:\t\t\t\t\t\t<\/span>\n\t\t\t\t\t<\/h3>\n\t\t\t\t\n\t\t\t\t\t\t\t\t\t<p class=\"elementor-icon-box-description\">\n\t\t\t\t\t\tWe investeren in de nieuwste tandheelkundige technologie\u00ebn om precisie, effici\u00ebntie en comfort tijdens uw behandelingen te garanderen.\t\t\t\t\t<\/p>\n\t\t\t\t\n\t\t\t<\/div>\n\t\t\t\n\t\t<\/div>\n\t\t\t\t<\/div>\n\t\t\t\t<\/div>\n\t\t\t\t<div class=\"vamtam-has-theme-widget-styles elementor-element elementor-element-54735ce5 elementor-position-left elementor-view-default elementor-mobile-position-top elementor-vertical-align-top elementor-invisible elementor-widget elementor-widget-icon-box\" data-id=\"54735ce5\" data-element_type=\"widget\" data-settings=\"{&quot;_animation&quot;:&quot;fadeIn&quot;,&quot;_animation_delay&quot;:200}\" data-widget_type=\"icon-box.default\">\n\t\t\t\t<div class=\"elementor-widget-container\">\n\t\t\t\t\t<div class=\"elementor-icon-box-wrapper\">\n\n\t\t\t\t\t\t<div class=\"elementor-icon-box-icon\">\n\t\t\t\t<span  class=\"elementor-icon elementor-animation-\">\n\t\t\t\t<i aria-hidden=\"true\" class=\"fas fa-dot-circle\"><\/i>\t\t\t\t<\/span>\n\t\t\t<\/div>\n\t\t\t\n\t\t\t\t\t\t<div class=\"elementor-icon-box-content\">\n\n\t\t\t\t\t\t\t\t\t<h3 class=\"elementor-icon-box-title\">\n\t\t\t\t\t\t<span  >\n\t\t\t\t\t\t\tUitgebreide diensten:\t\t\t\t\t\t<\/span>\n\t\t\t\t\t<\/h3>\n\t\t\t\t\n\t\t\t\t\t\t\t\t\t<p class=\"elementor-icon-box-description\">\n\t\t\t\t\t\tVan routinecontroles tot geavanceerde procedures, wij bieden een breed scala aan tandheelkundige diensten om aan al uw mondgezondheidsbehoeften onder \u00e9\u00e9n dak te voldoen.\t\t\t\t\t<\/p>\n\t\t\t\t\n\t\t\t<\/div>\n\t\t\t\n\t\t<\/div>\n\t\t\t\t<\/div>\n\t\t\t\t<\/div>\n\t\t\t\t<div class=\"vamtam-has-theme-widget-styles elementor-element elementor-element-34a2701e elementor-position-left elementor-view-default elementor-mobile-position-top elementor-vertical-align-top elementor-invisible elementor-widget elementor-widget-icon-box\" data-id=\"34a2701e\" data-element_type=\"widget\" data-settings=\"{&quot;_animation&quot;:&quot;fadeIn&quot;,&quot;_animation_delay&quot;:200}\" data-widget_type=\"icon-box.default\">\n\t\t\t\t<div class=\"elementor-widget-container\">\n\t\t\t\t\t<div class=\"elementor-icon-box-wrapper\">\n\n\t\t\t\t\t\t<div class=\"elementor-icon-box-icon\">\n\t\t\t\t<span  class=\"elementor-icon elementor-animation-\">\n\t\t\t\t<i aria-hidden=\"true\" class=\"fas fa-dot-circle\"><\/i>\t\t\t\t<\/span>\n\t\t\t<\/div>\n\t\t\t\n\t\t\t\t\t\t<div class=\"elementor-icon-box-content\">\n\n\t\t\t\t\t\t\t\t\t<h3 class=\"elementor-icon-box-title\">\n\t\t\t\t\t\t<span  >\n\t\t\t\t\t\t\tPati\u00ebntgerichte benadering:\t\t\t\t\t\t<\/span>\n\t\t\t\t\t<\/h3>\n\t\t\t\t\n\t\t\t\t\t\t\t\t\t<p class=\"elementor-icon-box-description\">\n\t\t\t\t\t\tJouw comfort en welzijn zijn onze prioriteiten. We nemen de tijd om je zorgen te begrijpen, procedures uit te leggen en behandelingen aan te passen aan je specifieke wensen. \t\t\t\t\t<\/p>\n\t\t\t\t\n\t\t\t<\/div>\n\t\t\t\n\t\t<\/div>\n\t\t\t\t<\/div>\n\t\t\t\t<\/div>\n\t\t\t\t<div class=\"vamtam-has-theme-widget-styles elementor-element elementor-element-d3d987e elementor-position-left elementor-view-default elementor-mobile-position-top elementor-vertical-align-top elementor-invisible elementor-widget elementor-widget-icon-box\" data-id=\"d3d987e\" data-element_type=\"widget\" data-settings=\"{&quot;_animation&quot;:&quot;fadeIn&quot;,&quot;_animation_delay&quot;:200}\" data-widget_type=\"icon-box.default\">\n\t\t\t\t<div class=\"elementor-widget-container\">\n\t\t\t\t\t<div class=\"elementor-icon-box-wrapper\">\n\n\t\t\t\t\t\t<div class=\"elementor-icon-box-icon\">\n\t\t\t\t<span  class=\"elementor-icon elementor-animation-\">\n\t\t\t\t<i aria-hidden=\"true\" class=\"fas fa-dot-circle\"><\/i>\t\t\t\t<\/span>\n\t\t\t<\/div>\n\t\t\t\n\t\t\t\t\t\t<div class=\"elementor-icon-box-content\">\n\n\t\t\t\t\t\t\t\t\t<h3 class=\"elementor-icon-box-title\">\n\t\t\t\t\t\t<span  >\n\t\t\t\t\t\t\tSchone en gezellige omgeving:\t\t\t\t\t\t<\/span>\n\t\t\t\t\t<\/h3>\n\t\t\t\t\n\t\t\t\t\t\t\t\t\t<p class=\"elementor-icon-box-description\">\n\t\t\t\t\t\tOnze kliniek is ontworpen om een vriendelijke en hygi\u00ebnische sfeer te bieden, zodat je je op je gemak voelt tijdens je bezoek.\t\t\t\t\t<\/p>\n\t\t\t\t\n\t\t\t<\/div>\n\t\t\t\n\t\t<\/div>\n\t\t\t\t<\/div>\n\t\t\t\t<\/div>\n\t\t\t\t<div class=\"vamtam-has-theme-widget-styles elementor-element elementor-element-30bccad4 elementor-position-left elementor-view-default elementor-mobile-position-top elementor-vertical-align-top elementor-invisible elementor-widget elementor-widget-icon-box\" data-id=\"30bccad4\" data-element_type=\"widget\" data-settings=\"{&quot;_animation&quot;:&quot;fadeIn&quot;,&quot;_animation_delay&quot;:200}\" data-widget_type=\"icon-box.default\">\n\t\t\t\t<div class=\"elementor-widget-container\">\n\t\t\t\t\t<div class=\"elementor-icon-box-wrapper\">\n\n\t\t\t\t\t\t<div class=\"elementor-icon-box-icon\">\n\t\t\t\t<span  class=\"elementor-icon elementor-animation-\">\n\t\t\t\t<i aria-hidden=\"true\" class=\"fas fa-dot-circle\"><\/i>\t\t\t\t<\/span>\n\t\t\t<\/div>\n\t\t\t\n\t\t\t\t\t\t<div class=\"elementor-icon-box-content\">\n\n\t\t\t\t\t\t\t\t\t<h3 class=\"elementor-icon-box-title\">\n\t\t\t\t\t\t<span  >\n\t\t\t\t\t\t\tTransparante communicatie:\t\t\t\t\t\t<\/span>\n\t\t\t\t\t<\/h3>\n\t\t\t\t\n\t\t\t\t\t\t\t\t\t<p class=\"elementor-icon-box-description\">\n\t\t\t\t\t\tWij geloven in open en eerlijke communicatie. Je wordt ge\u00efnformeerd over je behandelopties, kosten en verwachte resultaten, zodat je weloverwogen beslissingen kunt nemen. \t\t\t\t\t<\/p>\n\t\t\t\t\n\t\t\t<\/div>\n\t\t\t\n\t\t<\/div>\n\t\t\t\t<\/div>\n\t\t\t\t<\/div>\n\t\t\t\t\t<\/div>\n\t\t<\/div>\n\t\t\t\t\t<\/div>\n\t\t<\/section>\n\t\t\t\t<\/div>\n\t\t","protected":false},"excerpt":{"rendered":"<p>Digitale glimlach Digitaal glimlachontwerp (digital smile design) is een esthetische tandheelkundige toepassing waarbij digitale technologie\u00ebn worden gebruikt om de meest geschikte glimlach te ontwerpen op basis van de gezichtsvorm, tandstructuur en esthetische verwachtingen van de pati\u00ebnt. Met deze methode kan v\u00f3\u00f3r de behandeling aan de pati\u00ebnt worden getoond hoe zijn of haar glimlach eruit zal&#8230;<\/p>\n","protected":false},"author":1,"featured_media":0,"parent":1001947,"menu_order":0,"comment_status":"closed","ping_status":"closed","template":"","meta":{"footnotes":""},"class_list":["post-1001943","page","type-page","status-publish","hentry"],"_links":{"self":[{"href":"https:\/\/seckindis.com\/nl\/wp-json\/wp\/v2\/pages\/1001943","targetHints":{"allow":["GET"]}}],"collection":[{"href":"https:\/\/seckindis.com\/nl\/wp-json\/wp\/v2\/pages"}],"about":[{"href":"https:\/\/seckindis.com\/nl\/wp-json\/wp\/v2\/types\/page"}],"author":[{"embeddable":true,"href":"https:\/\/seckindis.com\/nl\/wp-json\/wp\/v2\/users\/1"}],"replies":[{"embeddable":true,"href":"https:\/\/seckindis.com\/nl\/wp-json\/wp\/v2\/comments?post=1001943"}],"version-history":[{"count":1,"href":"https:\/\/seckindis.com\/nl\/wp-json\/wp\/v2\/pages\/1001943\/revisions"}],"predecessor-version":[{"id":1001944,"href":"https:\/\/seckindis.com\/nl\/wp-json\/wp\/v2\/pages\/1001943\/revisions\/1001944"}],"up":[{"embeddable":true,"href":"https:\/\/seckindis.com\/nl\/wp-json\/wp\/v2\/pages\/1001947"}],"wp:attachment":[{"href":"https:\/\/seckindis.com\/nl\/wp-json\/wp\/v2\/media?parent=1001943"}],"curies":[{"name":"wp","href":"https:\/\/api.w.org\/{rel}","templated":true}]}}