{"id":1002112,"date":"2024-11-09T16:16:01","date_gmt":"2024-11-09T16:16:01","guid":{"rendered":"https:\/\/seckindis.com\/ueber-uns\/"},"modified":"2025-10-31T03:51:03","modified_gmt":"2025-10-31T03:51:03","slug":"ueber-uns","status":"publish","type":"page","link":"https:\/\/seckindis.com\/de\/ueber-uns\/","title":{"rendered":"\u00dcber uns"},"content":{"rendered":"\t\t<div data-elementor-type=\"wp-page\" data-elementor-id=\"1002112\" class=\"elementor elementor-1002112 elementor-85\" data-elementor-post-type=\"page\">\n\t\t\t\t\t\t<section class=\"elementor-section elementor-top-section elementor-element elementor-element-8802642 elementor-section-boxed elementor-section-height-default elementor-section-height-default\" data-id=\"8802642\" data-element_type=\"section\">\n\t\t\t\t\t\t<div class=\"elementor-container elementor-column-gap-default\">\n\t\t\t\t\t<div class=\"elementor-column elementor-col-100 elementor-top-column elementor-element elementor-element-da9293b\" data-id=\"da9293b\" data-element_type=\"column\">\n\t\t\t<div class=\"elementor-widget-wrap elementor-element-populated\">\n\t\t\t\t\t\t<div class=\"elementor-element elementor-element-0f1c76b animated-slow elementor-invisible elementor-widget elementor-widget-heading\" data-id=\"0f1c76b\" data-element_type=\"widget\" data-settings=\"{&quot;_animation&quot;:&quot;fadeIn&quot;,&quot;_animation_tablet&quot;:&quot;none&quot;}\" data-widget_type=\"heading.default\">\n\t\t\t\t<div class=\"elementor-widget-container\">\n\t\t\t<h1 class=\"elementor-heading-title elementor-size-default\">Eine Klinik, die sich der Perfektion und Professionalit\u00e4t verschrieben hat<\/h1>\t\t<\/div>\n\t\t\t\t<\/div>\n\t\t\t\t<div class=\"elementor-element elementor-element-d0f6ac8 animated-slow elementor-invisible elementor-widget elementor-widget-heading\" data-id=\"d0f6ac8\" data-element_type=\"widget\" data-settings=\"{&quot;_animation&quot;:&quot;fadeIn&quot;,&quot;_animation_tablet&quot;:&quot;none&quot;,&quot;_animation_delay&quot;:300}\" data-widget_type=\"heading.default\">\n\t\t\t\t<div class=\"elementor-widget-container\">\n\t\t\t<p class=\"elementor-heading-title elementor-size-default\">Jeder hat eine Geschichte. Hier ist unsere. <\/p>\t\t<\/div>\n\t\t\t\t<\/div>\n\t\t\t\t<div class=\"elementor-element elementor-element-e735dc0 elementor-widget elementor-widget-spacer\" data-id=\"e735dc0\" data-element_type=\"widget\" data-widget_type=\"spacer.default\">\n\t\t\t\t<div class=\"elementor-widget-container\">\n\t\t\t\t\t<div class=\"elementor-spacer\">\n\t\t\t<div class=\"elementor-spacer-inner\"><\/div>\n\t\t<\/div>\n\t\t\t\t<\/div>\n\t\t\t\t<\/div>\n\t\t\t\t\t<\/div>\n\t\t<\/div>\n\t\t\t\t\t<\/div>\n\t\t<\/section>\n\t\t\t\t<section class=\"elementor-section elementor-top-section elementor-element elementor-element-de2806a elementor-section-boxed elementor-section-height-default elementor-section-height-default\" data-id=\"de2806a\" data-element_type=\"section\">\n\t\t\t\t\t\t<div class=\"elementor-container elementor-column-gap-no\">\n\t\t\t\t\t<div class=\"elementor-column elementor-col-100 elementor-top-column elementor-element elementor-element-858f2b0\" data-id=\"858f2b0\" data-element_type=\"column\">\n\t\t\t<div class=\"elementor-widget-wrap elementor-element-populated\">\n\t\t\t\t\t\t<div class=\"elementor-element elementor-element-9c6a7cd elementor-view-default elementor-invisible elementor-widget elementor-widget-icon\" data-id=\"9c6a7cd\" data-element_type=\"widget\" data-settings=\"{&quot;sticky&quot;:&quot;top&quot;,&quot;sticky_offset&quot;:200,&quot;sticky_parent&quot;:&quot;yes&quot;,&quot;motion_fx_motion_fx_scrolling&quot;:&quot;yes&quot;,&quot;motion_fx_scale_effect&quot;:&quot;yes&quot;,&quot;motion_fx_scale_direction&quot;:&quot;out-in-out&quot;,&quot;motion_fx_scale_speed&quot;:{&quot;unit&quot;:&quot;px&quot;,&quot;size&quot;:8,&quot;sizes&quot;:[]},&quot;motion_fx_scale_range&quot;:{&quot;unit&quot;:&quot;%&quot;,&quot;size&quot;:&quot;&quot;,&quot;sizes&quot;:{&quot;start&quot;:15,&quot;end&quot;:50}},&quot;motion_fx_devices&quot;:[&quot;desktop&quot;,&quot;tablet&quot;],&quot;_animation&quot;:&quot;zoomIn&quot;,&quot;_animation_delay&quot;:200,&quot;_animation_mobile&quot;:&quot;none&quot;,&quot;sticky_on&quot;:[&quot;desktop&quot;,&quot;tablet&quot;,&quot;mobile&quot;],&quot;sticky_effects_offset&quot;:0,&quot;sticky_anchor_link_offset&quot;:0}\" data-widget_type=\"icon.default\">\n\t\t\t\t<div class=\"elementor-widget-container\">\n\t\t\t\t\t<div class=\"elementor-icon-wrapper\">\n\t\t\t<div class=\"elementor-icon\">\n\t\t\t<i aria-hidden=\"true\" class=\"fas fa-dot-circle\"><\/i>\t\t\t<\/div>\n\t\t<\/div>\n\t\t\t\t<\/div>\n\t\t\t\t<\/div>\n\t\t\t\t<section class=\"elementor-section elementor-inner-section elementor-element elementor-element-741b698 elementor-section-boxed elementor-section-height-default elementor-section-height-default\" data-id=\"741b698\" data-element_type=\"section\">\n\t\t\t\t\t\t<div class=\"elementor-container elementor-column-gap-default\">\n\t\t\t\t\t<div class=\"elementor-column elementor-col-50 elementor-inner-column elementor-element elementor-element-8931f7e\" data-id=\"8931f7e\" data-element_type=\"column\">\n\t\t\t<div class=\"elementor-widget-wrap elementor-element-populated\">\n\t\t\t\t\t\t<div class=\"elementor-element elementor-element-e97807e elementor-widget__width-initial elementor-widget elementor-widget-image\" data-id=\"e97807e\" data-element_type=\"widget\" data-widget_type=\"image.default\">\n\t\t\t\t<div class=\"elementor-widget-container\">\n\t\t\t\t\t\t\t\t\t\t\t\t\t<img fetchpriority=\"high\" decoding=\"async\" width=\"488\" height=\"705\" src=\"https:\/\/seckindis.com\/wp-content\/uploads\/2024\/11\/image-2024-11-10T122105.026.jpg\" class=\"attachment-full size-full wp-image-1001299\" alt=\"\" srcset=\"https:\/\/seckindis.com\/wp-content\/uploads\/2024\/11\/image-2024-11-10T122105.026.jpg 488w, https:\/\/seckindis.com\/wp-content\/uploads\/2024\/11\/image-2024-11-10T122105.026-208x300.jpg 208w\" sizes=\"(max-width: 488px) 100vw, 488px\" \/>\t\t\t\t\t\t\t\t\t\t\t\t\t<\/div>\n\t\t\t\t<\/div>\n\t\t\t\t\t<\/div>\n\t\t<\/div>\n\t\t\t\t<div class=\"elementor-column elementor-col-50 elementor-inner-column elementor-element elementor-element-9bc1642\" data-id=\"9bc1642\" data-element_type=\"column\">\n\t\t\t<div class=\"elementor-widget-wrap elementor-element-populated\">\n\t\t\t\t\t\t<div class=\"elementor-element elementor-element-12e7d31 elementor-widget__width-auto elementor-absolute elementor-view-default elementor-widget elementor-widget-icon\" data-id=\"12e7d31\" data-element_type=\"widget\" data-settings=\"{&quot;_position&quot;:&quot;absolute&quot;}\" data-widget_type=\"icon.default\">\n\t\t\t\t<div class=\"elementor-widget-container\">\n\t\t\t\t\t<div class=\"elementor-icon-wrapper\">\n\t\t\t<div class=\"elementor-icon\">\n\t\t\t<i aria-hidden=\"true\" class=\"far fa-dot-circle\"><\/i>\t\t\t<\/div>\n\t\t<\/div>\n\t\t\t\t<\/div>\n\t\t\t\t<\/div>\n\t\t\t\t<div class=\"elementor-element elementor-element-e212345 elementor-widget elementor-widget-heading\" data-id=\"e212345\" data-element_type=\"widget\" data-widget_type=\"heading.default\">\n\t\t\t\t<div class=\"elementor-widget-container\">\n\t\t\t<h4 class=\"elementor-heading-title elementor-size-default\">\u00dcber uns<\/h4>\t\t<\/div>\n\t\t\t\t<\/div>\n\t\t\t\t<div class=\"elementor-element elementor-element-3a52daa elementor-widget elementor-widget-text-editor\" data-id=\"3a52daa\" data-element_type=\"widget\" data-widget_type=\"text-editor.default\">\n\t\t\t\t<div class=\"elementor-widget-container\">\n\t\t\t\t\t\t\t<p><span>Die Se\u00e7kin Zahn- und Mundgesundheitsklinik bietet einen einzigartigen Service f\u00fcr ein makelloses L\u00e4cheln und gesunde Z\u00e4hne. Unsere Mission ist es, unseren Patienten nicht nur Zahnbehandlungen von h\u00f6chster Qualit\u00e4t zu bieten, sondern ihnen auch ein angenehmes Erlebnis zu bereiten. <\/span><\/p><p><span>Die Se\u00e7kin Zahn- und Mundgesundheitsklinik bietet einen einzigartigen Service f\u00fcr ein makelloses L\u00e4cheln und gesunde Z\u00e4hne. Unsere Mission ist es, unseren Patienten nicht nur Zahnbehandlungen von h\u00f6chster Qualit\u00e4t zu bieten, sondern ihnen auch ein angenehmes Erlebnis zu bereiten.  <\/span><\/p><p><span>Die Gesundheit und Zufriedenheit unserer Patienten haben f\u00fcr uns oberste Priorit\u00e4t. Deshalb streben wir bei unseren Behandlungen stets nach Perfektion und verwenden dabei die neuesten Techniken und Materialien. Wir tun unser Bestes, um Sie nicht nur zu behandeln, sondern auch durch vorbeugende Pflege und Aufkl\u00e4rung Ihre zuk\u00fcnftige Zahngesundheit zu sichern.  <\/span><\/p><p><span>Als Se\u00e7kin Zahn-, Mund- und Zahngesundheitsklinik betrachten wir Sie als Teil unserer Familie. Wir freuen uns, Ihnen in einer herzlichen Atmosph\u00e4re zuverl\u00e4ssige Dienstleistungen anbieten zu k\u00f6nnen. F\u00fcr ein gesundes L\u00e4cheln k\u00f6nnen Sie sich auf uns verlassen.  <\/span><\/p><p><span>Wir erwarten Sie in unserer Poliklinik.<\/span><\/p>\t\t\t\t\t\t<\/div>\n\t\t\t\t<\/div>\n\t\t\t\t\t<\/div>\n\t\t<\/div>\n\t\t\t\t\t<\/div>\n\t\t<\/section>\n\t\t\t\t<section class=\"elementor-section elementor-inner-section elementor-element elementor-element-72e9117 elementor-reverse-mobile elementor-section-boxed elementor-section-height-default elementor-section-height-default\" data-id=\"72e9117\" data-element_type=\"section\">\n\t\t\t\t\t\t<div class=\"elementor-container elementor-column-gap-default\">\n\t\t\t\t\t<div class=\"elementor-column elementor-col-50 elementor-inner-column elementor-element elementor-element-666b6a6\" data-id=\"666b6a6\" data-element_type=\"column\">\n\t\t\t<div class=\"elementor-widget-wrap elementor-element-populated\">\n\t\t\t\t\t\t<div class=\"elementor-element elementor-element-849194c elementor-widget elementor-widget-heading\" data-id=\"849194c\" data-element_type=\"widget\" data-widget_type=\"heading.default\">\n\t\t\t\t<div class=\"elementor-widget-container\">\n\t\t\t<h4 class=\"elementor-heading-title elementor-size-default\">Innovation in der Zahnmedizin, Vertrauen \u00fcber Generationen hinweg.<\/h4>\t\t<\/div>\n\t\t\t\t<\/div>\n\t\t\t\t<div class=\"elementor-element elementor-element-1cc31e7 elementor-widget__width-initial elementor-widget elementor-widget-text-editor\" data-id=\"1cc31e7\" data-element_type=\"widget\" data-widget_type=\"text-editor.default\">\n\t\t\t\t<div class=\"elementor-widget-container\">\n\t\t\t\t\t\t\t<p>Unsere Klinik, die in der digitalen Zahnmedizin eine f\u00fchrende Position einnimmt, ist mit den neuesten Technologien ausgestattet und verpflichtet sich, eine pr\u00e4zise und sorgf\u00e4ltige Versorgung anzubieten, die die Erwartungen der Patienten \u00fcbertrifft. Mit modernen Diagnoseger\u00e4ten und fortschrittlichen Behandlungsmethoden setzen wir neue Standards in der Zahngesundheit und bieten dauerhafte L\u00f6sungen. <\/p><p>Das Wichtigste, was unsere Klinik von anderen unterscheidet, ist unsere patientenorientierte Pflegephilosophie. Als familiengef\u00fchrtes Gesundheitsunternehmen haben wir es uns zum Grundsatz gemacht, vertrauensvolle und respektvolle Beziehungen zu unseren Patienten aufzubauen und ihre Bed\u00fcrfnisse in den Vordergrund zu stellen. Wenn Sie sich f\u00fcr unsere Klinik entscheiden, werden Sie Teil unserer gro\u00dfen Familie, und Ihr Wohlbefinden, Ihre Zufriedenheit und Ihre Gesundheit haben f\u00fcr uns oberste Priorit\u00e4t.  <\/p>\t\t\t\t\t\t<\/div>\n\t\t\t\t<\/div>\n\t\t\t\t\t<\/div>\n\t\t<\/div>\n\t\t\t\t<div class=\"elementor-column elementor-col-50 elementor-inner-column elementor-element elementor-element-0d201a1\" data-id=\"0d201a1\" data-element_type=\"column\">\n\t\t\t<div class=\"elementor-widget-wrap elementor-element-populated\">\n\t\t\t\t\t\t<div class=\"elementor-element elementor-element-b1c3000 elementor-widget__width-auto elementor-absolute elementor-view-default elementor-widget elementor-widget-icon\" data-id=\"b1c3000\" data-element_type=\"widget\" data-settings=\"{&quot;_position&quot;:&quot;absolute&quot;}\" data-widget_type=\"icon.default\">\n\t\t\t\t<div class=\"elementor-widget-container\">\n\t\t\t\t\t<div class=\"elementor-icon-wrapper\">\n\t\t\t<div class=\"elementor-icon\">\n\t\t\t<i aria-hidden=\"true\" class=\"far fa-dot-circle\"><\/i>\t\t\t<\/div>\n\t\t<\/div>\n\t\t\t\t<\/div>\n\t\t\t\t<\/div>\n\t\t\t\t<div class=\"elementor-element elementor-element-b065953 elementor-widget__width-initial elementor-widget elementor-widget-image\" data-id=\"b065953\" data-element_type=\"widget\" data-widget_type=\"image.default\">\n\t\t\t\t<div class=\"elementor-widget-container\">\n\t\t\t\t\t\t\t\t\t\t\t\t\t<img decoding=\"async\" width=\"682\" height=\"1024\" src=\"https:\/\/seckindis.com\/wp-content\/uploads\/2024\/11\/fatih-hoca-682x1024.jpg\" class=\"attachment-large size-large wp-image-1001294\" alt=\"\" srcset=\"https:\/\/seckindis.com\/wp-content\/uploads\/2024\/11\/fatih-hoca-682x1024.jpg 682w, https:\/\/seckindis.com\/wp-content\/uploads\/2024\/11\/fatih-hoca-200x300.jpg 200w, https:\/\/seckindis.com\/wp-content\/uploads\/2024\/11\/fatih-hoca-768x1153.jpg 768w, https:\/\/seckindis.com\/wp-content\/uploads\/2024\/11\/fatih-hoca-1023x1536.jpg 1023w, https:\/\/seckindis.com\/wp-content\/uploads\/2024\/11\/fatih-hoca-rotated.jpg 1066w\" sizes=\"(max-width: 682px) 100vw, 682px\" \/>\t\t\t\t\t\t\t\t\t\t\t\t\t<\/div>\n\t\t\t\t<\/div>\n\t\t\t\t\t<\/div>\n\t\t<\/div>\n\t\t\t\t\t<\/div>\n\t\t<\/section>\n\t\t\t\t\t<\/div>\n\t\t<\/div>\n\t\t\t\t\t<\/div>\n\t\t<\/section>\n\t\t\t\t<section class=\"elementor-section elementor-top-section elementor-element elementor-element-af573f4 elementor-section-boxed elementor-section-height-default elementor-section-height-default\" data-id=\"af573f4\" data-element_type=\"section\">\n\t\t\t\t\t\t<div class=\"elementor-container elementor-column-gap-no\">\n\t\t\t\t\t<div class=\"elementor-column elementor-col-100 elementor-top-column elementor-element elementor-element-1ff2aef\" data-id=\"1ff2aef\" data-element_type=\"column\">\n\t\t\t<div class=\"elementor-widget-wrap elementor-element-populated\">\n\t\t\t\t\t\t<div class=\"elementor-element elementor-element-bf32b31 elementor-widget__width-auto elementor-widget elementor-widget-heading\" data-id=\"bf32b31\" data-element_type=\"widget\" data-widget_type=\"heading.default\">\n\t\t\t\t<div class=\"elementor-widget-container\">\n\t\t\t<div class=\"elementor-heading-title elementor-size-default\">Se\u00e7kin Zahnklinik<\/div>\t\t<\/div>\n\t\t\t\t<\/div>\n\t\t\t\t<div class=\"elementor-element elementor-element-868305d elementor-widget elementor-widget-text-editor\" data-id=\"868305d\" data-element_type=\"widget\" data-widget_type=\"text-editor.default\">\n\t\t\t\t<div class=\"elementor-widget-container\">\n\t\t\t\t\t\t\t<h3>Fatih Se\u00e7kin<\/h3><p><b>Endodontie-Spezialist | Gr\u00fcnder der Se\u00e7kin Dental Mund- und Zahnklinik<\/b><\/p><p><b>Ausbildung und Fachkenntnisse:<\/b><\/p><ul><li>Zahnmedizinische Fakult\u00e4t der Universit\u00e4t Istanbul<\/li><li>Bachelor-Studium Zahnmedizin<\/li><\/ul><ul><li>Atat\u00fcrk-Universit\u00e4t, Fachbereich Endodontie<\/li><li>Endodontie-Facharztausbildung<\/li><\/ul><ul><li>Sakarya Naturwissenschaftliches Gymnasium<\/li><li>Sekundarschulbildung<\/li><\/ul><p><b>Berufserfahrung:<\/b><\/p><ul><li>Mit der Gr\u00fcndung der Se\u00e7kin Zahn- und Mundgesundheitsklinik habe ich mir zum Ziel gesetzt, meinen Patienten die bestm\u00f6gliche zahn\u00e4rztliche Versorgung zu bieten.<\/li><li>Insbesondere im Bereich der Endodontie stelle ich die Gesundheit und Zufriedenheit meiner Patienten in den Vordergrund, indem ich die neuesten Technologien und Behandlungsmethoden einsetze.<\/li><li>Ich biete meinen Patienten w\u00e4hrend der Behandlung ein Umfeld, in dem sie Informationen erhalten, verstanden und unterst\u00fctzt werden.<\/li><\/ul><p><b>Berufliche Entwicklung und Beitr\u00e4ge:<\/b><\/p><ul><li>Ich verfolge aufmerksam die neuesten Entwicklungen im Bereich der Endodontie und nehme regelm\u00e4\u00dfig an Fortbildungen und Seminaren teil.<\/li><li>Ich organisiere verschiedene Schulungen und Seminare, um meine Kenntnisse und Erfahrungen mit meinen Kollegen zu teilen.<\/li><li>Durch innovative Ans\u00e4tze in meinem Fachgebiet versuche ich, die Behandlungsprozesse meiner Patienten effektiver und komfortabler zu gestalten.<\/li><\/ul><p><b>Ziel und Vision:<\/b><\/p><ul><li>Das Vertrauen und die Zufriedenheit meiner Patienten zu gewinnen, ist f\u00fcr mich oberste Priorit\u00e4t. Ich betrachte jeden neuen Tag als eine Chance, die Gesundheit von mehr Menschen zu verbessern und ihr L\u00e4cheln zu versch\u00f6nern. <\/li><li>Durch meine Spezialisierung auf Endodontie m\u00f6chte ich meinen Patienten die bestm\u00f6gliche Behandlung bieten, indem ich die neuesten Entwicklungen in diesem Bereich verfolge und anwende.<\/li><li>Ich werde meine berufliche Leidenschaft nicht auf meine klinische Praxis beschr\u00e4nken, sondern weiterhin meine Kollegen ausbilden und mich f\u00fcr die Weiterentwicklung der Zahnmedizin einsetzen.<\/li><\/ul>\t\t\t\t\t\t<\/div>\n\t\t\t\t<\/div>\n\t\t\t\t\t<\/div>\n\t\t<\/div>\n\t\t\t\t\t<\/div>\n\t\t<\/section>\n\t\t\t\t<section class=\"elementor-section elementor-top-section elementor-element elementor-element-359b217 elementor-section-boxed elementor-section-height-default elementor-section-height-default\" data-id=\"359b217\" data-element_type=\"section\">\n\t\t\t\t\t\t<div class=\"elementor-container elementor-column-gap-no\">\n\t\t\t\t\t<div class=\"elementor-column elementor-col-100 elementor-top-column elementor-element elementor-element-f53713d\" data-id=\"f53713d\" data-element_type=\"column\" data-settings=\"{&quot;background_background&quot;:&quot;classic&quot;}\">\n\t\t\t<div class=\"elementor-widget-wrap elementor-element-populated\">\n\t\t\t\t\t\t<section class=\"elementor-section elementor-inner-section elementor-element elementor-element-812e690 elementor-section-boxed elementor-section-height-default elementor-section-height-default\" data-id=\"812e690\" data-element_type=\"section\" data-settings=\"{&quot;background_motion_fx_motion_fx_scrolling&quot;:&quot;yes&quot;,&quot;background_motion_fx_devices&quot;:[],&quot;background_background&quot;:&quot;classic&quot;}\">\n\t\t\t\t\t\t<div class=\"elementor-container elementor-column-gap-no\">\n\t\t\t\t\t<div class=\"elementor-column elementor-col-100 elementor-inner-column elementor-element elementor-element-ed81ef2\" data-id=\"ed81ef2\" data-element_type=\"column\" data-settings=\"{&quot;background_background&quot;:&quot;classic&quot;,&quot;background_motion_fx_motion_fx_scrolling&quot;:&quot;yes&quot;,&quot;background_motion_fx_translateY_effect&quot;:&quot;yes&quot;,&quot;background_motion_fx_translateY_speed&quot;:{&quot;unit&quot;:&quot;px&quot;,&quot;size&quot;:3,&quot;sizes&quot;:[]},&quot;background_motion_fx_devices&quot;:[&quot;desktop&quot;],&quot;background_motion_fx_translateY_affectedRange&quot;:{&quot;unit&quot;:&quot;%&quot;,&quot;size&quot;:&quot;&quot;,&quot;sizes&quot;:{&quot;start&quot;:0,&quot;end&quot;:100}}}\">\n\t\t\t<div class=\"elementor-widget-wrap elementor-element-populated\">\n\t\t\t\t\t\t<div class=\"elementor-element elementor-element-ee8f3b8 elementor-widget__width-auto elementor-widget elementor-widget-heading\" data-id=\"ee8f3b8\" data-element_type=\"widget\" data-widget_type=\"heading.default\">\n\t\t\t\t<div class=\"elementor-widget-container\">\n\t\t\t<div class=\"elementor-heading-title elementor-size-default\">Unsere Werte<\/div>\t\t<\/div>\n\t\t\t\t<\/div>\n\t\t\t\t<div class=\"elementor-element elementor-element-a6d206e elementor-widget elementor-widget-spacer\" data-id=\"a6d206e\" data-element_type=\"widget\" data-widget_type=\"spacer.default\">\n\t\t\t\t<div class=\"elementor-widget-container\">\n\t\t\t\t\t<div class=\"elementor-spacer\">\n\t\t\t<div class=\"elementor-spacer-inner\"><\/div>\n\t\t<\/div>\n\t\t\t\t<\/div>\n\t\t\t\t<\/div>\n\t\t\t\t<div class=\"elementor-element elementor-element-25318f3 elementor-widget elementor-widget-heading\" data-id=\"25318f3\" data-element_type=\"widget\" data-widget_type=\"heading.default\">\n\t\t\t\t<div class=\"elementor-widget-container\">\n\t\t\t<h2 class=\"elementor-heading-title elementor-size-default\">Der gr\u00f6\u00dfte Unterschied zwischen uns und unseren Mitbewerbern besteht darin, dass unsere Klinik professioneller, sorgf\u00e4ltiger und ehrlicher ist.<\/h2>\t\t<\/div>\n\t\t\t\t<\/div>\n\t\t\t\t<div class=\"elementor-element elementor-element-df4d622 elementor-widget elementor-widget-spacer\" data-id=\"df4d622\" data-element_type=\"widget\" data-widget_type=\"spacer.default\">\n\t\t\t\t<div class=\"elementor-widget-container\">\n\t\t\t\t\t<div class=\"elementor-spacer\">\n\t\t\t<div class=\"elementor-spacer-inner\"><\/div>\n\t\t<\/div>\n\t\t\t\t<\/div>\n\t\t\t\t<\/div>\n\t\t\t\t\t<\/div>\n\t\t<\/div>\n\t\t\t\t\t<\/div>\n\t\t<\/section>\n\t\t\t\t\t<\/div>\n\t\t<\/div>\n\t\t\t\t\t<\/div>\n\t\t<\/section>\n\t\t\t\t<\/div>\n\t\t","protected":false},"excerpt":{"rendered":"<p>Eine Klinik, die sich der Perfektion und Professionalit\u00e4t verschrieben hat Jeder hat eine Geschichte. Hier ist unsere. \u00dcber uns Die Se\u00e7kin Zahn- und Mundgesundheitsklinik bietet einen einzigartigen Service f\u00fcr ein makelloses L\u00e4cheln und gesunde Z\u00e4hne. Unsere Mission ist es, unseren Patienten nicht nur Zahnbehandlungen von h\u00f6chster Qualit\u00e4t zu bieten, sondern ihnen auch ein angenehmes Erlebnis&#8230;<\/p>\n","protected":false},"author":1,"featured_media":0,"parent":0,"menu_order":0,"comment_status":"closed","ping_status":"closed","template":"","meta":{"footnotes":""},"class_list":["post-1002112","page","type-page","status-publish","hentry"],"_links":{"self":[{"href":"https:\/\/seckindis.com\/de\/wp-json\/wp\/v2\/pages\/1002112","targetHints":{"allow":["GET"]}}],"collection":[{"href":"https:\/\/seckindis.com\/de\/wp-json\/wp\/v2\/pages"}],"about":[{"href":"https:\/\/seckindis.com\/de\/wp-json\/wp\/v2\/types\/page"}],"author":[{"embeddable":true,"href":"https:\/\/seckindis.com\/de\/wp-json\/wp\/v2\/users\/1"}],"replies":[{"embeddable":true,"href":"https:\/\/seckindis.com\/de\/wp-json\/wp\/v2\/comments?post=1002112"}],"version-history":[{"count":1,"href":"https:\/\/seckindis.com\/de\/wp-json\/wp\/v2\/pages\/1002112\/revisions"}],"predecessor-version":[{"id":1002113,"href":"https:\/\/seckindis.com\/de\/wp-json\/wp\/v2\/pages\/1002112\/revisions\/1002113"}],"wp:attachment":[{"href":"https:\/\/seckindis.com\/de\/wp-json\/wp\/v2\/media?parent=1002112"}],"curies":[{"name":"wp","href":"https:\/\/api.w.org\/{rel}","templated":true}]}}