{"id":1002088,"date":"2024-11-15T11:38:34","date_gmt":"2024-11-15T11:38:34","guid":{"rendered":"https:\/\/seckindis.com\/ekibimiz\/dt-guelsen-guendogan\/"},"modified":"2025-10-31T03:41:48","modified_gmt":"2025-10-31T03:41:48","slug":"dt-guelsen-guendogan","status":"publish","type":"page","link":"https:\/\/seckindis.com\/de\/unser-team\/dt-guelsen-guendogan\/","title":{"rendered":"DT. G\u00fclsen G\u00fcndo\u011fan"},"content":{"rendered":"\t\t<div data-elementor-type=\"wp-page\" data-elementor-id=\"1002088\" class=\"elementor elementor-1002088 elementor-992247\" data-elementor-post-type=\"page\">\n\t\t\t\t\t\t<section class=\"elementor-section elementor-top-section elementor-element elementor-element-66501ac3 elementor-section-full_width elementor-section-height-default elementor-section-height-default\" data-id=\"66501ac3\" data-element_type=\"section\">\n\t\t\t\t\t\t<div class=\"elementor-container elementor-column-gap-no\">\n\t\t\t\t\t<div class=\"elementor-column elementor-col-100 elementor-top-column elementor-element elementor-element-25ebd05\" data-id=\"25ebd05\" data-element_type=\"column\">\n\t\t\t<div class=\"elementor-widget-wrap elementor-element-populated\">\n\t\t\t\t\t\t<div class=\"elementor-element elementor-element-4c040fa8 elementor-widget elementor-widget-text-editor\" data-id=\"4c040fa8\" data-element_type=\"widget\" data-widget_type=\"text-editor.default\">\n\t\t\t\t<div class=\"elementor-widget-container\">\n\t\t\t\t\t\t\t<p>Zahn\u00e4rztin Dr. G\u00fclsen G\u00fcndo\u011fan wurde in Istanbul geboren. Sie absolvierte ihre Grund-, Mittel- und Oberschulausbildung in Istanbul. 1998 schloss sie ihr Studium an der Fakult\u00e4t f\u00fcr Zahnmedizin der Universit\u00e4t Istanbul mit einem Masterabschluss ab. Im Jahr 1998 begann sie ihre T\u00e4tigkeit als verantwortliche Direktorin in einer privaten Einrichtung in Avc\u0131lar, die sie 15 Jahre lang aus\u00fcbte. Ab 2013 arbeitete sie erneut in Avc\u0131lar, wo sie 11 Jahre lang als verantwortliche Zahn\u00e4rztin in einem medizinischen Zentrum t\u00e4tig war. Seit 2023 ist sie weiterhin bei \u00d6zel Se\u00e7kin ADSP t\u00e4tig.    <\/p>\t\t\t\t\t\t<\/div>\n\t\t\t\t<\/div>\n\t\t\t\t<div class=\"elementor-element elementor-element-59358791 elementor-shape-circle elementor-grid-2 e-grid-align-left e-grid-align-mobile-left elementor-widget__width-auto elementor-widget elementor-widget-social-icons\" data-id=\"59358791\" data-element_type=\"widget\" data-widget_type=\"social-icons.default\">\n\t\t\t\t<div class=\"elementor-widget-container\">\n\t\t\t\t\t<div class=\"elementor-social-icons-wrapper elementor-grid\">\n\t\t\t\t\t\t\t<span class=\"elementor-grid-item\">\n\t\t\t\t\t<a class=\"elementor-icon elementor-social-icon elementor-social-icon-linkedin elementor-repeater-item-c7c5b59\" href=\"http:\/\/linkedin.com\" target=\"_blank\" rel=\"noopener\">\n\t\t\t\t\t\t<span class=\"elementor-screen-only\">Linkedin<\/span>\n\t\t\t\t\t\t<i class=\"fab fa-linkedin\"><\/i>\t\t\t\t\t<\/a>\n\t\t\t\t<\/span>\n\t\t\t\t\t\t\t<span class=\"elementor-grid-item\">\n\t\t\t\t\t<a class=\"elementor-icon elementor-social-icon elementor-social-icon-twitter elementor-repeater-item-7b267b3\" target=\"_blank\">\n\t\t\t\t\t\t<span class=\"elementor-screen-only\">Twitter<\/span>\n\t\t\t\t\t\t<i class=\"fab fa-twitter\"><\/i>\t\t\t\t\t<\/a>\n\t\t\t\t<\/span>\n\t\t\t\t\t<\/div>\n\t\t\t\t<\/div>\n\t\t\t\t<\/div>\n\t\t\t\t<div class=\"vamtam-has-theme-widget-styles elementor-element elementor-element-735ae8cc vamtam-has-underline-anim elementor-widget__width-auto elementor-widget elementor-widget-button\" data-id=\"735ae8cc\" data-element_type=\"widget\" data-widget_type=\"button.default\">\n\t\t\t\t<div class=\"elementor-widget-container\">\n\t\t\t\t\t\t\t<div class=\"elementor-button-wrapper\">\n\t\t\t\t\t<a class=\"elementor-button elementor-button-link elementor-size-sm\" href=\"https:\/\/seckindis.com\/de\/unser-team\/\">\n\t\t\t\t\t\t<span class=\"elementor-button-content-wrapper\">\n\t\t\t\t\t\t\t\t\t<span class=\"elementor-button-text\">Back to Team Members<\/span>\n\t\t\t\t\t<\/span>\n\t\t\t\t\t<\/a>\n\t\t\t\t<\/div>\n\t\t\t\t\t\t<\/div>\n\t\t\t\t<\/div>\n\t\t\t\t\t<\/div>\n\t\t<\/div>\n\t\t\t\t\t<\/div>\n\t\t<\/section>\n\t\t\t\t<\/div>\n\t\t","protected":false},"excerpt":{"rendered":"<p>Zahnarzt<\/p>\n","protected":false},"author":1,"featured_media":1001332,"parent":1002082,"menu_order":1,"comment_status":"closed","ping_status":"closed","template":"","meta":{"footnotes":""},"class_list":["post-1002088","page","type-page","status-publish","has-post-thumbnail","hentry"],"_links":{"self":[{"href":"https:\/\/seckindis.com\/de\/wp-json\/wp\/v2\/pages\/1002088","targetHints":{"allow":["GET"]}}],"collection":[{"href":"https:\/\/seckindis.com\/de\/wp-json\/wp\/v2\/pages"}],"about":[{"href":"https:\/\/seckindis.com\/de\/wp-json\/wp\/v2\/types\/page"}],"author":[{"embeddable":true,"href":"https:\/\/seckindis.com\/de\/wp-json\/wp\/v2\/users\/1"}],"replies":[{"embeddable":true,"href":"https:\/\/seckindis.com\/de\/wp-json\/wp\/v2\/comments?post=1002088"}],"version-history":[{"count":1,"href":"https:\/\/seckindis.com\/de\/wp-json\/wp\/v2\/pages\/1002088\/revisions"}],"predecessor-version":[{"id":1002089,"href":"https:\/\/seckindis.com\/de\/wp-json\/wp\/v2\/pages\/1002088\/revisions\/1002089"}],"up":[{"embeddable":true,"href":"https:\/\/seckindis.com\/de\/wp-json\/wp\/v2\/pages\/1002082"}],"wp:featuredmedia":[{"embeddable":true,"href":"https:\/\/seckindis.com\/de\/wp-json\/wp\/v2\/media\/1001332"}],"wp:attachment":[{"href":"https:\/\/seckindis.com\/de\/wp-json\/wp\/v2\/media?parent=1002088"}],"curies":[{"name":"wp","href":"https:\/\/api.w.org\/{rel}","templated":true}]}}