{"id":1001399,"date":"2024-11-11T12:16:43","date_gmt":"2024-11-11T12:16:43","guid":{"rendered":"https:\/\/seckindis.com\/implantat-behandlung\/"},"modified":"2025-10-31T04:09:42","modified_gmt":"2025-10-31T04:09:42","slug":"implantat-behandlung","status":"publish","type":"page","link":"https:\/\/seckindis.com\/de\/unsere-behandlungen\/implantat-behandlung\/","title":{"rendered":"Implantat-Behandlung"},"content":{"rendered":"\t\t<div data-elementor-type=\"wp-page\" data-elementor-id=\"1001399\" class=\"elementor elementor-1001399 elementor-992200\" data-elementor-post-type=\"page\">\n\t\t\t\t\t\t<section class=\"elementor-section elementor-top-section elementor-element elementor-element-43fb513e elementor-section-content-middle elementor-reverse-mobile elementor-section-boxed elementor-section-height-default elementor-section-height-default\" data-id=\"43fb513e\" data-element_type=\"section\">\n\t\t\t\t\t\t<div class=\"elementor-container elementor-column-gap-no\">\n\t\t\t\t\t<div class=\"elementor-column elementor-col-50 elementor-top-column elementor-element elementor-element-5da7cbb8\" data-id=\"5da7cbb8\" data-element_type=\"column\">\n\t\t\t<div class=\"elementor-widget-wrap elementor-element-populated\">\n\t\t\t\t\t\t<div class=\"elementor-element elementor-element-51747d61 elementor-widget elementor-widget-heading\" data-id=\"51747d61\" data-element_type=\"widget\" data-widget_type=\"heading.default\">\n\t\t\t\t<div class=\"elementor-widget-container\">\n\t\t\t<h2 class=\"elementor-heading-title elementor-size-default\">Implantat-Behandlung<\/h2>\t\t<\/div>\n\t\t\t\t<\/div>\n\t\t\t\t<div class=\"elementor-element elementor-element-67a0a53f elementor-widget__width-initial elementor-widget elementor-widget-text-editor\" data-id=\"67a0a53f\" data-element_type=\"widget\" data-widget_type=\"text-editor.default\">\n\t\t\t\t<div class=\"elementor-widget-container\">\n\t\t\t\t\t\t\t<p> <\/p><p>Eine Implantatbehandlung ist die Anwendung k\u00fcnstlicher Zahnwurzeln, die in den Kieferknochen eingesetzt werden, um fehlende Z\u00e4hne zu ersetzen. Die Implantate, die in der Regel aus Titan bestehen, verwachsen mit dem Knochen und funktionieren wie eine nat\u00fcrliche Zahnwurzel, auf die Zahnersatz gesetzt wird. Die Behandlung ist eine wirksame Methode, um Zahnverlust zu beseitigen, indem sie eine \u00e4sthetische, funktionelle und dauerhafte L\u00f6sung bietet.  <\/p><p><strong>Etappen der Implantatbehandlung:<\/strong><\/p><ol><li><strong>Untersuchung und Planung<\/strong>: Kieferstruktur, Knochendichte und Zahnfleischgesundheit werden beurteilt. Es wird festgestellt, ob das Implantat machbar ist. <\/li><li><strong>Einsetzen des Implantats<\/strong>: Die Implantatschraube wird unter lokaler An\u00e4sthesie in den Kieferknochen eingesetzt. Danach beginnt die Heilungsphase. <\/li><li><strong>Heilungsprozess (Osteointegration<\/strong>): Es kann etwa 2-6 Monate dauern, bis das Implantat mit dem Kieferknochen verwachsen ist.<\/li><li><strong>Einsetzen der Suprakonstruktion<\/strong>: Nachdem die Einheilung abgeschlossen ist, wird ein Zahnersatz (Krone) auf das Implantat gesetzt.<\/li><\/ol><p><strong>Vorteile der Implantatbehandlung:<\/strong><\/p><ul><li><strong>Nat\u00fcrliches Erscheinungsbild<\/strong>: Er hat ein nat\u00fcrliches Aussehen wie andere Z\u00e4hne.<\/li><li><strong>Komfort und Verl\u00e4sslichkeit<\/strong>: Er bewegt sich nicht, weil er eine feste Struktur hat.<\/li><li><strong>Lange Lebensdauer<\/strong>: Kann bei richtiger Pflege ein Leben lang verwendet werden.<\/li><li><strong>Sprache und Kau-Funktion<\/strong>: Es beseitigt Sprach- oder Kauprobleme, die durch fehlende Z\u00e4hne verursacht werden.<\/li><\/ul><p><strong>Bei wem wird die Implantatbehandlung angewendet?<\/strong><\/p><p>Die meisten Menschen, die sich in einem guten Allgemeinzustand befinden und deren Kieferknochenstruktur stark genug ist, um das Implantat zu tragen, k\u00f6nnen von dieser Behandlung profitieren. Die Anwendbarkeit von Implantaten bei Menschen mit Knochenresorption oder systemischen Erkrankungen wird jedoch vom Spezialisten beurteilt. <\/p><p>Die Implantatbehandlung, die eine moderne L\u00f6sung f\u00fcr die Beseitigung von Zahndefiziten darstellt, bietet langfristige Ergebnisse mit einer individuellen Planung.<\/p><p> <\/p>\t\t\t\t\t\t<\/div>\n\t\t\t\t<\/div>\n\t\t\t\t\t<\/div>\n\t\t<\/div>\n\t\t\t\t<div class=\"elementor-column elementor-col-50 elementor-top-column elementor-element elementor-element-125bb9bc\" data-id=\"125bb9bc\" data-element_type=\"column\" data-settings=\"{&quot;background_background&quot;:&quot;classic&quot;}\">\n\t\t\t<div class=\"elementor-widget-wrap elementor-element-populated\">\n\t\t\t\t\t\t<div class=\"elementor-element elementor-element-94d5cb2 elementor-absolute elementor-widget elementor-widget-image\" data-id=\"94d5cb2\" data-element_type=\"widget\" data-settings=\"{&quot;_position&quot;:&quot;absolute&quot;}\" data-widget_type=\"image.default\">\n\t\t\t\t<div class=\"elementor-widget-container\">\n\t\t\t\t\t\t\t\t\t\t\t\t\t<img fetchpriority=\"high\" decoding=\"async\" width=\"576\" height=\"1024\" src=\"https:\/\/seckindis.com\/wp-content\/uploads\/2024\/11\/seckin-dis-576x1024.jpg\" class=\"attachment-large size-large wp-image-1001322\" alt=\"\" srcset=\"https:\/\/seckindis.com\/wp-content\/uploads\/2024\/11\/seckin-dis-576x1024.jpg 576w, https:\/\/seckindis.com\/wp-content\/uploads\/2024\/11\/seckin-dis-169x300.jpg 169w, https:\/\/seckindis.com\/wp-content\/uploads\/2024\/11\/seckin-dis-768x1365.jpg 768w, https:\/\/seckindis.com\/wp-content\/uploads\/2024\/11\/seckin-dis-864x1536.jpg 864w, https:\/\/seckindis.com\/wp-content\/uploads\/2024\/11\/seckin-dis.jpg 1080w\" sizes=\"(max-width: 576px) 100vw, 576px\" \/>\t\t\t\t\t\t\t\t\t\t\t\t\t<\/div>\n\t\t\t\t<\/div>\n\t\t\t\t\t<\/div>\n\t\t<\/div>\n\t\t\t\t\t<\/div>\n\t\t<\/section>\n\t\t\t\t<section class=\"elementor-section elementor-top-section elementor-element elementor-element-2cd8d84f elementor-section-boxed elementor-section-height-default elementor-section-height-default\" data-id=\"2cd8d84f\" data-element_type=\"section\">\n\t\t\t\t\t\t<div class=\"elementor-container elementor-column-gap-default\">\n\t\t\t\t\t<div class=\"elementor-column elementor-col-50 elementor-top-column elementor-element elementor-element-427dd474\" data-id=\"427dd474\" data-element_type=\"column\">\n\t\t\t<div class=\"elementor-widget-wrap elementor-element-populated\">\n\t\t\t\t\t\t<section class=\"elementor-section elementor-inner-section elementor-element elementor-element-4c269856 elementor-section-height-full elementor-section-content-middle elementor-section-boxed elementor-section-height-default\" data-id=\"4c269856\" data-element_type=\"section\" data-settings=\"{&quot;sticky&quot;:&quot;top&quot;,&quot;sticky_on&quot;:[&quot;desktop&quot;,&quot;tablet&quot;],&quot;sticky_parent&quot;:&quot;yes&quot;,&quot;sticky_offset&quot;:0,&quot;sticky_effects_offset&quot;:0,&quot;sticky_anchor_link_offset&quot;:0}\">\n\t\t\t\t\t\t<div class=\"elementor-container elementor-column-gap-no\">\n\t\t\t\t\t<div class=\"elementor-column elementor-col-100 elementor-inner-column elementor-element elementor-element-2ce7de3c\" data-id=\"2ce7de3c\" data-element_type=\"column\">\n\t\t\t<div class=\"elementor-widget-wrap elementor-element-populated\">\n\t\t\t\t\t\t<div class=\"elementor-element elementor-element-68ae8e8d elementor-widget elementor-widget-image\" data-id=\"68ae8e8d\" data-element_type=\"widget\" data-settings=\"{&quot;motion_fx_motion_fx_scrolling&quot;:&quot;yes&quot;,&quot;motion_fx_translateY_effect&quot;:&quot;yes&quot;,&quot;motion_fx_translateY_speed&quot;:{&quot;unit&quot;:&quot;px&quot;,&quot;size&quot;:2,&quot;sizes&quot;:[]},&quot;motion_fx_devices&quot;:[&quot;desktop&quot;,&quot;tablet&quot;],&quot;motion_fx_translateY_affectedRange&quot;:{&quot;unit&quot;:&quot;%&quot;,&quot;size&quot;:&quot;&quot;,&quot;sizes&quot;:{&quot;start&quot;:0,&quot;end&quot;:100}}}\" data-widget_type=\"image.default\">\n\t\t\t\t<div class=\"elementor-widget-container\">\n\t\t\t\t\t\t\t\t\t\t\t\t\t<img decoding=\"async\" width=\"294\" height=\"291\" src=\"https:\/\/seckindis.com\/wp-content\/uploads\/2023\/03\/Shape-dots-arrow-right.svg\" class=\"attachment-full size-full wp-image-992466\" alt=\"\" \/>\t\t\t\t\t\t\t\t\t\t\t\t\t<\/div>\n\t\t\t\t<\/div>\n\t\t\t\t<div class=\"elementor-element elementor-element-30fd62e8 elementor-widget__width-initial elementor-widget elementor-widget-heading\" data-id=\"30fd62e8\" data-element_type=\"widget\" data-widget_type=\"heading.default\">\n\t\t\t\t<div class=\"elementor-widget-container\">\n\t\t\t<h2 class=\"elementor-heading-title elementor-size-default\">Innovation in der Zahnmedizin, Vertrauen f\u00fcr Generationen<\/h2>\t\t<\/div>\n\t\t\t\t<\/div>\n\t\t\t\t<div class=\"elementor-element elementor-element-6133196 elementor-widget elementor-widget-spacer\" data-id=\"6133196\" data-element_type=\"widget\" data-widget_type=\"spacer.default\">\n\t\t\t\t<div class=\"elementor-widget-container\">\n\t\t\t\t\t<div class=\"elementor-spacer\">\n\t\t\t<div class=\"elementor-spacer-inner\"><\/div>\n\t\t<\/div>\n\t\t\t\t<\/div>\n\t\t\t\t<\/div>\n\t\t\t\t<div class=\"elementor-element elementor-element-22bfd369 elementor-widget elementor-widget-text-editor\" data-id=\"22bfd369\" data-element_type=\"widget\" data-widget_type=\"text-editor.default\">\n\t\t\t\t<div class=\"elementor-widget-container\">\n\t\t\t\t\t\t\t<p>Unsere Klinik hat die vollst\u00e4ndige digitale Integration eingef\u00fchrt, die Effizienz und Pr\u00e4zision garantiert, indem sie die Prozesse von der Diagnose bis zur Behandlungsplanung und -durchf\u00fchrung rationalisiert. K\u00fcnstliche Intelligenz spielt eine wichtige Rolle bei der Verbesserung der Diagnoseverfahren und der Behandlungsplanung und tr\u00e4gt zu personalisierten und technologiegesteuerten Dentall\u00f6sungen bei. <\/p>\t\t\t\t\t\t<\/div>\n\t\t\t\t<\/div>\n\t\t\t\t\t<\/div>\n\t\t<\/div>\n\t\t\t\t\t<\/div>\n\t\t<\/section>\n\t\t\t\t\t<\/div>\n\t\t<\/div>\n\t\t\t\t<div class=\"elementor-column elementor-col-50 elementor-top-column elementor-element elementor-element-153fbf2e\" data-id=\"153fbf2e\" data-element_type=\"column\">\n\t\t\t<div class=\"elementor-widget-wrap elementor-element-populated\">\n\t\t\t\t\t\t<div class=\"vamtam-has-theme-widget-styles elementor-element elementor-element-2009c873 elementor-position-left elementor-view-default elementor-mobile-position-top elementor-vertical-align-top elementor-invisible elementor-widget elementor-widget-icon-box\" data-id=\"2009c873\" data-element_type=\"widget\" data-settings=\"{&quot;_animation&quot;:&quot;fadeIn&quot;,&quot;_animation_delay&quot;:200}\" data-widget_type=\"icon-box.default\">\n\t\t\t\t<div class=\"elementor-widget-container\">\n\t\t\t\t\t<div class=\"elementor-icon-box-wrapper\">\n\n\t\t\t\t\t\t<div class=\"elementor-icon-box-icon\">\n\t\t\t\t<span  class=\"elementor-icon elementor-animation-\">\n\t\t\t\t<i aria-hidden=\"true\" class=\"fas fa-dot-circle\"><\/i>\t\t\t\t<\/span>\n\t\t\t<\/div>\n\t\t\t\n\t\t\t\t\t\t<div class=\"elementor-icon-box-content\">\n\n\t\t\t\t\t\t\t\t\t<h3 class=\"elementor-icon-box-title\">\n\t\t\t\t\t\t<span  >\n\t\t\t\t\t\t\tExperten-Team\t\t\t\t\t\t<\/span>\n\t\t\t\t\t<\/h3>\n\t\t\t\t\n\t\t\t\t\t\t\t\t\t<p class=\"elementor-icon-box-description\">\n\t\t\t\t\t\tUnsere erfahrenen und qualifizierten Zahn\u00e4rzte, Hygieniker und Mitarbeiter sind bestrebt, Ihnen eine erstklassige Behandlung zu bieten.\t\t\t\t\t<\/p>\n\t\t\t\t\n\t\t\t<\/div>\n\t\t\t\n\t\t<\/div>\n\t\t\t\t<\/div>\n\t\t\t\t<\/div>\n\t\t\t\t<div class=\"vamtam-has-theme-widget-styles elementor-element elementor-element-52039db6 elementor-position-left elementor-view-default elementor-mobile-position-top elementor-vertical-align-top elementor-invisible elementor-widget elementor-widget-icon-box\" data-id=\"52039db6\" data-element_type=\"widget\" data-settings=\"{&quot;_animation&quot;:&quot;fadeIn&quot;,&quot;_animation_delay&quot;:200}\" data-widget_type=\"icon-box.default\">\n\t\t\t\t<div class=\"elementor-widget-container\">\n\t\t\t\t\t<div class=\"elementor-icon-box-wrapper\">\n\n\t\t\t\t\t\t<div class=\"elementor-icon-box-icon\">\n\t\t\t\t<span  class=\"elementor-icon elementor-animation-\">\n\t\t\t\t<i aria-hidden=\"true\" class=\"fas fa-dot-circle\"><\/i>\t\t\t\t<\/span>\n\t\t\t<\/div>\n\t\t\t\n\t\t\t\t\t\t<div class=\"elementor-icon-box-content\">\n\n\t\t\t\t\t\t\t\t\t<h3 class=\"elementor-icon-box-title\">\n\t\t\t\t\t\t<span  >\n\t\t\t\t\t\t\tNeueste Technologie:\t\t\t\t\t\t<\/span>\n\t\t\t\t\t<\/h3>\n\t\t\t\t\n\t\t\t\t\t\t\t\t\t<p class=\"elementor-icon-box-description\">\n\t\t\t\t\t\tWir investieren in die neuesten zahnmedizinischen Technologien, um Pr\u00e4zision, Effizienz und Komfort w\u00e4hrend Ihrer Behandlungen zu gew\u00e4hrleisten.\t\t\t\t\t<\/p>\n\t\t\t\t\n\t\t\t<\/div>\n\t\t\t\n\t\t<\/div>\n\t\t\t\t<\/div>\n\t\t\t\t<\/div>\n\t\t\t\t<div class=\"vamtam-has-theme-widget-styles elementor-element elementor-element-54735ce5 elementor-position-left elementor-view-default elementor-mobile-position-top elementor-vertical-align-top elementor-invisible elementor-widget elementor-widget-icon-box\" data-id=\"54735ce5\" data-element_type=\"widget\" data-settings=\"{&quot;_animation&quot;:&quot;fadeIn&quot;,&quot;_animation_delay&quot;:200}\" data-widget_type=\"icon-box.default\">\n\t\t\t\t<div class=\"elementor-widget-container\">\n\t\t\t\t\t<div class=\"elementor-icon-box-wrapper\">\n\n\t\t\t\t\t\t<div class=\"elementor-icon-box-icon\">\n\t\t\t\t<span  class=\"elementor-icon elementor-animation-\">\n\t\t\t\t<i aria-hidden=\"true\" class=\"fas fa-dot-circle\"><\/i>\t\t\t\t<\/span>\n\t\t\t<\/div>\n\t\t\t\n\t\t\t\t\t\t<div class=\"elementor-icon-box-content\">\n\n\t\t\t\t\t\t\t\t\t<h3 class=\"elementor-icon-box-title\">\n\t\t\t\t\t\t<span  >\n\t\t\t\t\t\t\tUmfassende Dienstleistungen:\t\t\t\t\t\t<\/span>\n\t\t\t\t\t<\/h3>\n\t\t\t\t\n\t\t\t\t\t\t\t\t\t<p class=\"elementor-icon-box-description\">\n\t\t\t\t\t\tVon Routineuntersuchungen bis hin zu fortgeschrittenen Eingriffen bieten wir ein breites Spektrum an zahnmedizinischen Leistungen, um all Ihre Bed\u00fcrfnisse im Bereich der Mundgesundheit unter einem Dach zu erf\u00fcllen.\t\t\t\t\t<\/p>\n\t\t\t\t\n\t\t\t<\/div>\n\t\t\t\n\t\t<\/div>\n\t\t\t\t<\/div>\n\t\t\t\t<\/div>\n\t\t\t\t<div class=\"vamtam-has-theme-widget-styles elementor-element elementor-element-34a2701e elementor-position-left elementor-view-default elementor-mobile-position-top elementor-vertical-align-top elementor-invisible elementor-widget elementor-widget-icon-box\" data-id=\"34a2701e\" data-element_type=\"widget\" data-settings=\"{&quot;_animation&quot;:&quot;fadeIn&quot;,&quot;_animation_delay&quot;:200}\" data-widget_type=\"icon-box.default\">\n\t\t\t\t<div class=\"elementor-widget-container\">\n\t\t\t\t\t<div class=\"elementor-icon-box-wrapper\">\n\n\t\t\t\t\t\t<div class=\"elementor-icon-box-icon\">\n\t\t\t\t<span  class=\"elementor-icon elementor-animation-\">\n\t\t\t\t<i aria-hidden=\"true\" class=\"fas fa-dot-circle\"><\/i>\t\t\t\t<\/span>\n\t\t\t<\/div>\n\t\t\t\n\t\t\t\t\t\t<div class=\"elementor-icon-box-content\">\n\n\t\t\t\t\t\t\t\t\t<h3 class=\"elementor-icon-box-title\">\n\t\t\t\t\t\t<span  >\n\t\t\t\t\t\t\tPatientenzentrierter Ansatz:\t\t\t\t\t\t<\/span>\n\t\t\t\t\t<\/h3>\n\t\t\t\t\n\t\t\t\t\t\t\t\t\t<p class=\"elementor-icon-box-description\">\n\t\t\t\t\t\tIhr Komfort und Ihr Wohlbefinden sind unsere Priorit\u00e4ten. Wir nehmen uns die Zeit, Ihre Anliegen zu verstehen, erkl\u00e4ren Ihnen die Verfahren und stimmen die Behandlungen auf Ihre speziellen Bed\u00fcrfnisse ab. \t\t\t\t\t<\/p>\n\t\t\t\t\n\t\t\t<\/div>\n\t\t\t\n\t\t<\/div>\n\t\t\t\t<\/div>\n\t\t\t\t<\/div>\n\t\t\t\t<div class=\"vamtam-has-theme-widget-styles elementor-element elementor-element-d3d987e elementor-position-left elementor-view-default elementor-mobile-position-top elementor-vertical-align-top elementor-invisible elementor-widget elementor-widget-icon-box\" data-id=\"d3d987e\" data-element_type=\"widget\" data-settings=\"{&quot;_animation&quot;:&quot;fadeIn&quot;,&quot;_animation_delay&quot;:200}\" data-widget_type=\"icon-box.default\">\n\t\t\t\t<div class=\"elementor-widget-container\">\n\t\t\t\t\t<div class=\"elementor-icon-box-wrapper\">\n\n\t\t\t\t\t\t<div class=\"elementor-icon-box-icon\">\n\t\t\t\t<span  class=\"elementor-icon elementor-animation-\">\n\t\t\t\t<i aria-hidden=\"true\" class=\"fas fa-dot-circle\"><\/i>\t\t\t\t<\/span>\n\t\t\t<\/div>\n\t\t\t\n\t\t\t\t\t\t<div class=\"elementor-icon-box-content\">\n\n\t\t\t\t\t\t\t\t\t<h3 class=\"elementor-icon-box-title\">\n\t\t\t\t\t\t<span  >\n\t\t\t\t\t\t\tSaubere und gem\u00fctliche Umgebung:\t\t\t\t\t\t<\/span>\n\t\t\t\t\t<\/h3>\n\t\t\t\t\n\t\t\t\t\t\t\t\t\t<p class=\"elementor-icon-box-description\">\n\t\t\t\t\t\tUnsere Klinik ist so gestaltet, dass sie eine freundliche und hygienische Atmosph\u00e4re bietet, damit Sie sich bei Ihrem Besuch wohlf\u00fchlen.\t\t\t\t\t<\/p>\n\t\t\t\t\n\t\t\t<\/div>\n\t\t\t\n\t\t<\/div>\n\t\t\t\t<\/div>\n\t\t\t\t<\/div>\n\t\t\t\t<div class=\"vamtam-has-theme-widget-styles elementor-element elementor-element-30bccad4 elementor-position-left elementor-view-default elementor-mobile-position-top elementor-vertical-align-top elementor-invisible elementor-widget elementor-widget-icon-box\" data-id=\"30bccad4\" data-element_type=\"widget\" data-settings=\"{&quot;_animation&quot;:&quot;fadeIn&quot;,&quot;_animation_delay&quot;:200}\" data-widget_type=\"icon-box.default\">\n\t\t\t\t<div class=\"elementor-widget-container\">\n\t\t\t\t\t<div class=\"elementor-icon-box-wrapper\">\n\n\t\t\t\t\t\t<div class=\"elementor-icon-box-icon\">\n\t\t\t\t<span  class=\"elementor-icon elementor-animation-\">\n\t\t\t\t<i aria-hidden=\"true\" class=\"fas fa-dot-circle\"><\/i>\t\t\t\t<\/span>\n\t\t\t<\/div>\n\t\t\t\n\t\t\t\t\t\t<div class=\"elementor-icon-box-content\">\n\n\t\t\t\t\t\t\t\t\t<h3 class=\"elementor-icon-box-title\">\n\t\t\t\t\t\t<span  >\n\t\t\t\t\t\t\tTransparente Kommunikation:\t\t\t\t\t\t<\/span>\n\t\t\t\t\t<\/h3>\n\t\t\t\t\n\t\t\t\t\t\t\t\t\t<p class=\"elementor-icon-box-description\">\n\t\t\t\t\t\tWir glauben an eine offene und ehrliche Kommunikation. Sie werden \u00fcber Ihre Behandlungsoptionen, die Kosten und die zu erwartenden Ergebnisse informiert, damit Sie gut informierte Entscheidungen treffen k\u00f6nnen. \t\t\t\t\t<\/p>\n\t\t\t\t\n\t\t\t<\/div>\n\t\t\t\n\t\t<\/div>\n\t\t\t\t<\/div>\n\t\t\t\t<\/div>\n\t\t\t\t\t<\/div>\n\t\t<\/div>\n\t\t\t\t\t<\/div>\n\t\t<\/section>\n\t\t\t\t<\/div>\n\t\t","protected":false},"excerpt":{"rendered":"<p>Implantat-Behandlung Eine Implantatbehandlung ist die Anwendung k\u00fcnstlicher Zahnwurzeln, die in den Kieferknochen eingesetzt werden, um fehlende Z\u00e4hne zu ersetzen. Die Implantate, die in der Regel aus Titan bestehen, verwachsen mit dem Knochen und funktionieren wie eine nat\u00fcrliche Zahnwurzel, auf die Zahnersatz gesetzt wird. Die Behandlung ist eine wirksame Methode, um Zahnverlust zu beseitigen, indem sie&#8230;<\/p>\n","protected":false},"author":1,"featured_media":0,"parent":1002120,"menu_order":0,"comment_status":"closed","ping_status":"closed","template":"","meta":{"footnotes":""},"class_list":["post-1001399","page","type-page","status-publish","hentry"],"_links":{"self":[{"href":"https:\/\/seckindis.com\/de\/wp-json\/wp\/v2\/pages\/1001399","targetHints":{"allow":["GET"]}}],"collection":[{"href":"https:\/\/seckindis.com\/de\/wp-json\/wp\/v2\/pages"}],"about":[{"href":"https:\/\/seckindis.com\/de\/wp-json\/wp\/v2\/types\/page"}],"author":[{"embeddable":true,"href":"https:\/\/seckindis.com\/de\/wp-json\/wp\/v2\/users\/1"}],"replies":[{"embeddable":true,"href":"https:\/\/seckindis.com\/de\/wp-json\/wp\/v2\/comments?post=1001399"}],"version-history":[{"count":2,"href":"https:\/\/seckindis.com\/de\/wp-json\/wp\/v2\/pages\/1001399\/revisions"}],"predecessor-version":[{"id":1002134,"href":"https:\/\/seckindis.com\/de\/wp-json\/wp\/v2\/pages\/1001399\/revisions\/1002134"}],"up":[{"embeddable":true,"href":"https:\/\/seckindis.com\/de\/wp-json\/wp\/v2\/pages\/1002120"}],"wp:attachment":[{"href":"https:\/\/seckindis.com\/de\/wp-json\/wp\/v2\/media?parent=1001399"}],"curies":[{"name":"wp","href":"https:\/\/api.w.org\/{rel}","templated":true}]}}