{"id":1002218,"date":"2024-11-15T11:38:34","date_gmt":"2024-11-15T11:38:34","guid":{"rendered":"https:\/\/seckindis.com\/%d9%81%d8%b1%d9%8a%d9%82%d9%86%d8%a7\/dt-gulsen-gundogan\/"},"modified":"2025-10-31T04:40:15","modified_gmt":"2025-10-31T04:40:15","slug":"dt-gulsen-gundogan","status":"publish","type":"page","link":"https:\/\/seckindis.com\/ar\/%d9%81%d8%b1%d9%8a%d9%82%d9%86%d8%a7\/dt-gulsen-gundogan\/","title":{"rendered":"DT. G\u00fclsen G\u00fcndo\u011fan"},"content":{"rendered":"\t\t<div data-elementor-type=\"wp-page\" data-elementor-id=\"1002218\" class=\"elementor elementor-1002218 elementor-992247\" data-elementor-post-type=\"page\">\n\t\t\t\t\t\t<section class=\"elementor-section elementor-top-section elementor-element elementor-element-66501ac3 elementor-section-full_width elementor-section-height-default elementor-section-height-default\" data-id=\"66501ac3\" data-element_type=\"section\">\n\t\t\t\t\t\t<div class=\"elementor-container elementor-column-gap-no\">\n\t\t\t\t\t<div class=\"elementor-column elementor-col-100 elementor-top-column elementor-element elementor-element-25ebd05\" data-id=\"25ebd05\" data-element_type=\"column\">\n\t\t\t<div class=\"elementor-widget-wrap elementor-element-populated\">\n\t\t\t\t\t\t<div class=\"elementor-element elementor-element-4c040fa8 elementor-widget elementor-widget-text-editor\" data-id=\"4c040fa8\" data-element_type=\"widget\" data-widget_type=\"text-editor.default\">\n\t\t\t\t<div class=\"elementor-widget-container\">\n\t\t\t\t\t\t\t<p>\u0648\u0644\u062f\u062a \u0637\u0628\u064a\u0628\u0629 \u0627\u0644\u0623\u0633\u0646\u0627\u0646 \u0627\u0644\u062f\u0643\u062a\u0648\u0631\u0629 \u063a\u0648\u0644\u0633\u0646 \u063a\u0648\u0646\u062f\u0648\u063a\u0627\u0646 \u0641\u064a \u0627\u0633\u0637\u0646\u0628\u0648\u0644. \u0623\u0643\u0645\u0644\u062a \u062a\u0639\u0644\u064a\u0645\u0647\u0627 \u0627\u0644\u0627\u0628\u062a\u062f\u0627\u0626\u064a \u0648\u0627\u0644\u062b\u0627\u0646\u0648\u064a \u0648\u0627\u0644\u0639\u0627\u0644\u064a \u0641\u064a \u0627\u0633\u0637\u0646\u0628\u0648\u0644. \u0641\u064a \u0639\u0627\u0645 1998\u060c \u062a\u062e\u0631\u062c\u062a \u0645\u0646 \u0643\u0644\u064a\u0629 \u0637\u0628 \u0627\u0644\u0623\u0633\u0646\u0627\u0646 \u0628\u062c\u0627\u0645\u0639\u0629 \u0627\u0633\u0637\u0646\u0628\u0648\u0644 \u0628\u062f\u0631\u062c\u0629 \u0627\u0644\u062f\u0631\u0627\u0633\u0627\u062a \u0627\u0644\u0639\u0644\u064a\u0627. \u0641\u064a \u0639\u0627\u0645 1998\u060c \u0648\u0627\u0635\u0644\u062a \u0645\u0633\u064a\u0631\u062a\u0647\u0627 \u0627\u0644\u0645\u0647\u0646\u064a\u0629 \u0643\u0645\u062f\u064a\u0631\u0629 \u0645\u0633\u0624\u0648\u0644\u0629 \u0641\u064a \u0645\u0624\u0633\u0633\u0629 \u062e\u0627\u0635\u0629 \u0641\u064a \u0623\u0641\u062c\u064a\u0644\u0627\u0631 \u0644\u0645\u062f\u0629 15 \u0639\u0627\u0645\u064b\u0627. \u0628\u062f\u0621\u064b\u0627 \u0645\u0646 \u0639\u0627\u0645 2013\u060c \u0639\u0645\u0644\u062a \u0643\u0637\u0628\u064a\u0628\u0629 \u0623\u0633\u0646\u0627\u0646 \u0645\u0633\u0624\u0648\u0644\u0629 \u0641\u064a \u0645\u0631\u0643\u0632 \u0637\u0628\u064a \u0641\u064a \u0623\u0641\u062c\u064a\u0644\u0627\u0631 \u0644\u0645\u062f\u0629 11 \u0639\u0627\u0645\u064b\u0627. \u0648\u0647\u064a \u062a\u0642\u062f\u0645 \u062e\u062f\u0645\u0627\u062a\u0647\u0627 \u0641\u064a \u00d6zel Se\u00e7kin ADSP \u0645\u0646\u0630 \u0639\u0627\u0645 2023.    <\/p>\t\t\t\t\t\t<\/div>\n\t\t\t\t<\/div>\n\t\t\t\t<div class=\"elementor-element elementor-element-59358791 elementor-shape-circle elementor-grid-2 e-grid-align-left e-grid-align-mobile-left elementor-widget__width-auto elementor-widget elementor-widget-social-icons\" data-id=\"59358791\" data-element_type=\"widget\" data-widget_type=\"social-icons.default\">\n\t\t\t\t<div class=\"elementor-widget-container\">\n\t\t\t\t\t<div class=\"elementor-social-icons-wrapper elementor-grid\">\n\t\t\t\t\t\t\t<span class=\"elementor-grid-item\">\n\t\t\t\t\t<a class=\"elementor-icon elementor-social-icon elementor-social-icon-linkedin elementor-repeater-item-c7c5b59\" href=\"http:\/\/linkedin.com\" target=\"_blank\" rel=\"noopener\">\n\t\t\t\t\t\t<span class=\"elementor-screen-only\">Linkedin<\/span>\n\t\t\t\t\t\t<i class=\"fab fa-linkedin\"><\/i>\t\t\t\t\t<\/a>\n\t\t\t\t<\/span>\n\t\t\t\t\t\t\t<span class=\"elementor-grid-item\">\n\t\t\t\t\t<a class=\"elementor-icon elementor-social-icon elementor-social-icon-twitter elementor-repeater-item-7b267b3\" target=\"_blank\">\n\t\t\t\t\t\t<span class=\"elementor-screen-only\">Twitter<\/span>\n\t\t\t\t\t\t<i class=\"fab fa-twitter\"><\/i>\t\t\t\t\t<\/a>\n\t\t\t\t<\/span>\n\t\t\t\t\t<\/div>\n\t\t\t\t<\/div>\n\t\t\t\t<\/div>\n\t\t\t\t<div class=\"vamtam-has-theme-widget-styles elementor-element elementor-element-735ae8cc vamtam-has-underline-anim elementor-widget__width-auto elementor-widget elementor-widget-button\" data-id=\"735ae8cc\" data-element_type=\"widget\" data-widget_type=\"button.default\">\n\t\t\t\t<div class=\"elementor-widget-container\">\n\t\t\t\t\t\t\t<div class=\"elementor-button-wrapper\">\n\t\t\t\t\t<a class=\"elementor-button elementor-button-link elementor-size-sm\" href=\"https:\/\/seckindis.com\/ar\/%d9%81%d8%b1%d9%8a%d9%82%d9%86%d8%a7\/\">\n\t\t\t\t\t\t<span class=\"elementor-button-content-wrapper\">\n\t\t\t\t\t\t\t\t\t<span class=\"elementor-button-text\">Back to Team Members<\/span>\n\t\t\t\t\t<\/span>\n\t\t\t\t\t<\/a>\n\t\t\t\t<\/div>\n\t\t\t\t\t\t<\/div>\n\t\t\t\t<\/div>\n\t\t\t\t\t<\/div>\n\t\t<\/div>\n\t\t\t\t\t<\/div>\n\t\t<\/section>\n\t\t\t\t<\/div>\n\t\t","protected":false},"excerpt":{"rendered":"<p>\u0637\u0628\u064a\u0628 \u0623\u0633\u0646\u0627\u0646<\/p>\n","protected":false},"author":1,"featured_media":1001329,"parent":1002214,"menu_order":1,"comment_status":"closed","ping_status":"closed","template":"","meta":{"footnotes":""},"class_list":["post-1002218","page","type-page","status-publish","has-post-thumbnail","hentry"],"_links":{"self":[{"href":"https:\/\/seckindis.com\/ar\/wp-json\/wp\/v2\/pages\/1002218","targetHints":{"allow":["GET"]}}],"collection":[{"href":"https:\/\/seckindis.com\/ar\/wp-json\/wp\/v2\/pages"}],"about":[{"href":"https:\/\/seckindis.com\/ar\/wp-json\/wp\/v2\/types\/page"}],"author":[{"embeddable":true,"href":"https:\/\/seckindis.com\/ar\/wp-json\/wp\/v2\/users\/1"}],"replies":[{"embeddable":true,"href":"https:\/\/seckindis.com\/ar\/wp-json\/wp\/v2\/comments?post=1002218"}],"version-history":[{"count":1,"href":"https:\/\/seckindis.com\/ar\/wp-json\/wp\/v2\/pages\/1002218\/revisions"}],"predecessor-version":[{"id":1002219,"href":"https:\/\/seckindis.com\/ar\/wp-json\/wp\/v2\/pages\/1002218\/revisions\/1002219"}],"up":[{"embeddable":true,"href":"https:\/\/seckindis.com\/ar\/wp-json\/wp\/v2\/pages\/1002214"}],"wp:featuredmedia":[{"embeddable":true,"href":"https:\/\/seckindis.com\/ar\/wp-json\/wp\/v2\/media\/1001329"}],"wp:attachment":[{"href":"https:\/\/seckindis.com\/ar\/wp-json\/wp\/v2\/media?parent=1002218"}],"curies":[{"name":"wp","href":"https:\/\/api.w.org\/{rel}","templated":true}]}}